{"id":3498,"date":"2021-08-29T04:53:49","date_gmt":"2021-08-29T02:53:49","guid":{"rendered":"https:\/\/www.globenettoyage.ch\/services\/"},"modified":"2026-02-24T11:29:50","modified_gmt":"2026-02-24T10:29:50","slug":"services","status":"publish","type":"page","link":"https:\/\/www.globenettoyage.ch\/en\/services\/","title":{"rendered":"Services"},"content":{"rendered":"\t\t<div data-elementor-type=\"wp-page\" data-elementor-id=\"3498\" class=\"elementor elementor-3498 elementor-1447\">\n\t\t\t\t\t\t<section class=\"elementor-section elementor-top-section elementor-element elementor-element-e7ce0ea elementor-section-full_width elementor-section-height-default elementor-section-height-default\" data-id=\"e7ce0ea\" data-element_type=\"section\" data-e-type=\"section\">\n\t\t\t\t\t\t<div class=\"elementor-container elementor-column-gap-no\">\n\t\t\t\t\t<div class=\"elementor-column elementor-col-100 elementor-top-column elementor-element elementor-element-1ceb098a\" data-id=\"1ceb098a\" data-element_type=\"column\" data-e-type=\"column\">\n\t\t\t<div class=\"elementor-widget-wrap elementor-element-populated\">\n\t\t\t\t\t\t<div class=\"elementor-element elementor-element-61b7896 elementor-widget elementor-widget-heading\" data-id=\"61b7896\" data-element_type=\"widget\" data-e-type=\"widget\" data-widget_type=\"heading.default\">\n\t\t\t\t<div class=\"elementor-widget-container\">\n\t\t\t\t\t<h1 class=\"elementor-heading-title elementor-size-default\">OUR SERVICES<\/h1>\t\t\t\t<\/div>\n\t\t\t\t<\/div>\n\t\t\t\t\t<\/div>\n\t\t<\/div>\n\t\t\t\t\t<\/div>\n\t\t<\/section>\n\t\t\t\t<section class=\"elementor-section elementor-top-section elementor-element elementor-element-b934a5a elementor-section-full_width elementor-section-height-default elementor-section-height-default\" data-id=\"b934a5a\" data-element_type=\"section\" data-e-type=\"section\" data-settings=\"{&quot;background_background&quot;:&quot;classic&quot;}\">\n\t\t\t\t\t\t<div class=\"elementor-container elementor-column-gap-no\">\n\t\t\t\t\t<div class=\"elementor-column elementor-col-100 elementor-top-column elementor-element elementor-element-e514e4c\" data-id=\"e514e4c\" data-element_type=\"column\" data-e-type=\"column\">\n\t\t\t<div class=\"elementor-widget-wrap elementor-element-populated\">\n\t\t\t\t\t\t<div class=\"elementor-element elementor-element-4516663 elementor-widget elementor-widget-cleaning_service_slider\" data-id=\"4516663\" data-element_type=\"widget\" data-e-type=\"widget\" data-widget_type=\"cleaning_service_slider.default\">\n\t\t\t\t<div class=\"elementor-widget-container\">\n\t\t\t\t\t\t\t<div class=\"block\">\r\n\t\t\t<div class=\"container\">\r\n\t\t\t\t\t\t\t\t<div class=\"text-center max-750\">\r\n\t\t\t\t\t<p class=\"p-lg\">\r\n\t\t\t\t\tGLOBE NETTOYAGE puts its experience and professionalism at the service of its customers in order to provide them with high-quality work that meets their expectations. We offer a variety of cleaning, maintenance and facility management services. \t\t\t\t\t<\/p>\r\n\t\t\t\t<\/div>\r\n\t\t\t\t\t\t\t\t\t\t\t\t<div class=\"row services-carousel arrows-center\" data-service='{\"slidesToShow\":2,\"slidesToScroll\":1,\"infinite\":false,\"autoplay\":false,\"autoplaySpeed\":\"2500\",\"dots\":false,\"arrows\":false}'>\t\r\n\t\t\t\t\t\t\t\t\t\t\t\t\t<div class=\"col-sm-2 col-lg-4\">\r\n\t\t\t\t\t\t<div class=\"service-card\">\r\n\t\t\t\t\t\t\t<div class=\"service-card-icon\">\r\n\t\t\t\t\t\t\t<img fetchpriority=\"high\" decoding=\"async\" width=\"1254\" height=\"837\" src=\"https:\/\/www.globenettoyage.ch\/wp-content\/uploads\/2017\/06\/salle-blanche.jpg\" class=\"attachment-full size-full\" alt=\"\" srcset=\"https:\/\/www.globenettoyage.ch\/wp-content\/uploads\/2017\/06\/salle-blanche.jpg 1254w, https:\/\/www.globenettoyage.ch\/wp-content\/uploads\/2017\/06\/salle-blanche-300x200.jpg 300w, https:\/\/www.globenettoyage.ch\/wp-content\/uploads\/2017\/06\/salle-blanche-1024x683.jpg 1024w, https:\/\/www.globenettoyage.ch\/wp-content\/uploads\/2017\/06\/salle-blanche-768x513.jpg 768w, https:\/\/www.globenettoyage.ch\/wp-content\/uploads\/2017\/06\/salle-blanche-724x483.jpg 724w, https:\/\/www.globenettoyage.ch\/wp-content\/uploads\/2017\/06\/salle-blanche-600x400.jpg 600w\" sizes=\"(max-width: 1254px) 100vw, 1254px\" \/>\t\t\t\t\t\t\t\r\n\t\t\t\t\t\t\t<\/div>\r\n\t\t\t\t\t\t\t<h5 class=\"service-card-title\">MAINTENANCE OF CONTROLLED ATMOSPHERE ZONES (CAZ)<\/h5>\r\n\t\t\t\t\t\t\t<p>Globe Nettoyage S\u00e0rl has solid experience in the field of controlled atmosphere areas and is well versed in the specific requirements of clean rooms as defined by GMP\/BPF and FDA pharmaceutical standards.<\/p>\t\t\t\t\t\t\t\t\t\t\t\t\t\t<a href=\"https:\/\/www.globenettoyage.ch\/en\/cleaning_services\/clean-room-cleaning\/\"   class=\"btn btn-border\">Learn more<\/a>\r\n\t\t\t\t\t\t\t\t\t\t\t\t\t<\/div>\r\n\t\t\t\t\t<\/div>\r\n\t\t\t\t\t\t\t\t\t<div class=\"col-sm-2 col-lg-4\">\r\n\t\t\t\t\t\t<div class=\"service-card\">\r\n\t\t\t\t\t\t\t<div class=\"service-card-icon\">\r\n\t\t\t\t\t\t\t<img decoding=\"async\" width=\"1256\" height=\"834\" src=\"https:\/\/www.globenettoyage.ch\/wp-content\/uploads\/2023\/12\/Facility-management.jpg\" class=\"attachment-full size-full\" alt=\"\" srcset=\"https:\/\/www.globenettoyage.ch\/wp-content\/uploads\/2023\/12\/Facility-management.jpg 1256w, https:\/\/www.globenettoyage.ch\/wp-content\/uploads\/2023\/12\/Facility-management-300x199.jpg 300w, https:\/\/www.globenettoyage.ch\/wp-content\/uploads\/2023\/12\/Facility-management-1024x680.jpg 1024w, https:\/\/www.globenettoyage.ch\/wp-content\/uploads\/2023\/12\/Facility-management-768x510.jpg 768w, https:\/\/www.globenettoyage.ch\/wp-content\/uploads\/2023\/12\/Facility-management-727x483.jpg 727w, https:\/\/www.globenettoyage.ch\/wp-content\/uploads\/2023\/12\/Facility-management-600x398.jpg 600w\" sizes=\"(max-width: 1256px) 100vw, 1256px\" \/>\t\t\t\t\t\t\t\r\n\t\t\t\t\t\t\t<\/div>\r\n\t\t\t\t\t\t\t<h5 class=\"service-card-title\">FACILITY MANAGEMENT<\/h5>\r\n\t\t\t\t\t\t\t<p>Comprehensive and \u00e0 la carte service:<br \/>Maintenance of your offices, administrative areas and production areas<br \/>Consumables management<br \/>Maintenance of your green spaces and access areas<\/p>\t\t\t\t\t\t\t\t\t\t\t\t\t\t<a href=\"https:\/\/www.globenettoyage.ch\/en\/cleaning_services\/facility-management\/\"   class=\"btn btn-border\">Learn more<\/a>\r\n\t\t\t\t\t\t\t\t\t\t\t\t\t<\/div>\r\n\t\t\t\t\t<\/div>\r\n\t\t\t\t\t\t\t\t<\/div>\r\n\t\t\t<\/div>\r\n\t\t<\/div>\r\n\r\n\t\t\t\t\t\t<\/div>\n\t\t\t\t<\/div>\n\t\t\t\t<div class=\"elementor-element elementor-element-5664cc6 elementor-widget elementor-widget-cleaning_service_slider\" data-id=\"5664cc6\" data-element_type=\"widget\" data-e-type=\"widget\" data-widget_type=\"cleaning_service_slider.default\">\n\t\t\t\t<div class=\"elementor-widget-container\">\n\t\t\t\t\t\t\t<div class=\"block\">\r\n\t\t\t<div class=\"container\">\r\n\t\t\t\t\t\t\t\t\t\t\t\t<div class=\"row services-carousel arrows-center\" data-service='{\"slidesToShow\":2,\"slidesToScroll\":1,\"infinite\":false,\"autoplay\":false,\"autoplaySpeed\":\"2500\",\"dots\":false,\"arrows\":false}'>\t\r\n\t\t\t\t\t\t\t\t\t\t\t\t\t<div class=\"col-sm-2 col-lg-4\">\r\n\t\t\t\t\t\t<div class=\"service-card\">\r\n\t\t\t\t\t\t\t<div class=\"service-card-icon\">\r\n\t\t\t\t\t\t\t<img decoding=\"async\" width=\"1254\" height=\"836\" src=\"https:\/\/www.globenettoyage.ch\/wp-content\/uploads\/2023\/12\/Services-de-conciergerie.jpg\" class=\"attachment-full size-full\" alt=\"\" srcset=\"https:\/\/www.globenettoyage.ch\/wp-content\/uploads\/2023\/12\/Services-de-conciergerie.jpg 1254w, https:\/\/www.globenettoyage.ch\/wp-content\/uploads\/2023\/12\/Services-de-conciergerie-300x200.jpg 300w, https:\/\/www.globenettoyage.ch\/wp-content\/uploads\/2023\/12\/Services-de-conciergerie-1024x683.jpg 1024w, https:\/\/www.globenettoyage.ch\/wp-content\/uploads\/2023\/12\/Services-de-conciergerie-768x512.jpg 768w, https:\/\/www.globenettoyage.ch\/wp-content\/uploads\/2023\/12\/Services-de-conciergerie-725x483.jpg 725w, https:\/\/www.globenettoyage.ch\/wp-content\/uploads\/2023\/12\/Services-de-conciergerie-600x400.jpg 600w\" sizes=\"(max-width: 1254px) 100vw, 1254px\" \/>\t\t\t\t\t\t\t\r\n\t\t\t\t\t\t\t<\/div>\r\n\t\t\t\t\t\t\t<h5 class=\"service-card-title\">CONCIERGE SERVICES<\/h5>\r\n\t\t\t\t\t\t\t<p>Cleaning of villas and flats<br \/>End-of-tenancy cleaning<br \/>Maintenance of gardens and green spaces<br \/><br \/><\/p>\t\t\t\t\t\t\t\t\t\t\t\t\t\t<a href=\"https:\/\/www.globenettoyage.ch\/en\/cleaning_services\/concierge-services\/\"   class=\"btn btn-border\">Learn more<\/a>\r\n\t\t\t\t\t\t\t\t\t\t\t\t\t<\/div>\r\n\t\t\t\t\t<\/div>\r\n\t\t\t\t\t\t\t\t\t<div class=\"col-sm-2 col-lg-4\">\r\n\t\t\t\t\t\t<div class=\"service-card\">\r\n\t\t\t\t\t\t\t<div class=\"service-card-icon\">\r\n\t\t\t\t\t\t\t<img loading=\"lazy\" decoding=\"async\" width=\"1253\" height=\"836\" src=\"https:\/\/www.globenettoyage.ch\/wp-content\/uploads\/2023\/12\/Travaux-speciaux.jpg\" class=\"attachment-full size-full\" alt=\"\" srcset=\"https:\/\/www.globenettoyage.ch\/wp-content\/uploads\/2023\/12\/Travaux-speciaux.jpg 1253w, https:\/\/www.globenettoyage.ch\/wp-content\/uploads\/2023\/12\/Travaux-speciaux-300x200.jpg 300w, https:\/\/www.globenettoyage.ch\/wp-content\/uploads\/2023\/12\/Travaux-speciaux-1024x683.jpg 1024w, https:\/\/www.globenettoyage.ch\/wp-content\/uploads\/2023\/12\/Travaux-speciaux-768x512.jpg 768w, https:\/\/www.globenettoyage.ch\/wp-content\/uploads\/2023\/12\/Travaux-speciaux-724x483.jpg 724w, https:\/\/www.globenettoyage.ch\/wp-content\/uploads\/2023\/12\/Travaux-speciaux-600x400.jpg 600w\" sizes=\"(max-width: 1253px) 100vw, 1253px\" \/>\t\t\t\t\t\t\t\r\n\t\t\t\t\t\t\t<\/div>\r\n\t\t\t\t\t\t\t<h5 class=\"service-card-title\">OCCASIONAL WORK<\/h5>\r\n\t\t\t\t\t\t\t<p>End-of-construction work<br \/>Cleaning of windows and shopfronts &amp; offices<br \/>Graffiti removal<br \/>Cleaning after disasters: water, fire<\/p>\t\t\t\t\t\t\t\t\t\t\t\t\t\t<a href=\"https:\/\/www.globenettoyage.ch\/en\/cleaning_services\/occasional-special-jobs\/\"   class=\"btn btn-border\">Learn more<\/a>\r\n\t\t\t\t\t\t\t\t\t\t\t\t\t<\/div>\r\n\t\t\t\t\t<\/div>\r\n\t\t\t\t\t\t\t\t<\/div>\r\n\t\t\t<\/div>\r\n\t\t<\/div>\r\n\r\n\t\t\t\t\t\t<\/div>\n\t\t\t\t<\/div>\n\t\t\t\t\t<\/div>\n\t\t<\/div>\n\t\t\t\t\t<\/div>\n\t\t<\/section>\n\t\t\t\t<section class=\"elementor-section elementor-top-section elementor-element elementor-element-39051b8 elementor-section-boxed elementor-section-height-default elementor-section-height-default\" data-id=\"39051b8\" data-element_type=\"section\" data-e-type=\"section\" data-settings=\"{&quot;background_background&quot;:&quot;classic&quot;}\">\n\t\t\t\t\t\t<div class=\"elementor-container elementor-column-gap-default\">\n\t\t\t\t\t<div class=\"elementor-column elementor-col-100 elementor-top-column elementor-element elementor-element-1488091\" data-id=\"1488091\" data-element_type=\"column\" data-e-type=\"column\">\n\t\t\t<div class=\"elementor-widget-wrap elementor-element-populated\">\n\t\t\t\t\t\t<div class=\"elementor-element elementor-element-a05f251 elementor-widget elementor-widget-contact_info_cleaningservice\" data-id=\"a05f251\" data-element_type=\"widget\" data-e-type=\"widget\" data-widget_type=\"contact_info_cleaningservice.default\">\n\t\t\t\t<div class=\"elementor-widget-container\">\n\t\t\t\t\t\t\t<div class=\"contact-box\">\r\n\t\t\t<div class=\"contact-info-wrap sub-service-btn\">\r\n\t\t\t\t\t\t\t\t\t<div class=\"contact-info\">\r\n\t\t\t\t\t\t<i aria-hidden=\"true\" class=\"icon  icon-technology\"><\/i>\t\t\t\t\t\t+41 22 734 23 82\t\t\t\t\t<\/div> \r\n\t\t\t\t\t\t\t\t\t\t<div class=\"contact-info\">\r\n\t\t\t\t\t\t<i aria-hidden=\"true\" class=\"icon  icon-letter\"><\/i>\t\t\t\t\t\tinfo@globenettoyage.ch\t\t\t\t\t<\/div> \r\n\t\t\t\t\t\t\t\t\t\t<div class=\"contact-info\">\r\n\t\t\t\t\t\t<i aria-hidden=\"true\" class=\"icon  icon-clock\"><\/i>\t\t\t\t\t\tMon-Fri: 9h00 - 12h00 I 14h00 - 17h00\t\t\t\t\t<\/div> \r\n\t\t\t\t\t\t\t\t<\/div>\r\n\t\t\t<a href=\"https:\/\/globenettoyage.ch\/contacts\/\"   class=\"btn sub-btn\"><i class=\"icon icon-bell\"><\/i>Free quote<\/a>\r\n\t\t<\/div>\r\n\t\t\t\t\t\t<\/div>\n\t\t\t\t<\/div>\n\t\t\t\t\t<\/div>\n\t\t<\/div>\n\t\t\t\t\t<\/div>\n\t\t<\/section>\n\t\t\t\t<\/div>\n\t\t","protected":false},"excerpt":{"rendered":"<p>OUR SERVICES GLOBE NETTOYAGE puts its experience and professionalism at the service of its customers in order to provide them with high-quality work that meets their expectations. We offer a variety of cleaning, maintenance and facility management services. MAINTENANCE OF CONTROLLED ATMOSPHERE ZONES (CAZ) Globe Nettoyage S\u00e0rl has solid experience in the field of controlled [&hellip;]<\/p>\n","protected":false},"author":1,"featured_media":0,"parent":0,"menu_order":0,"comment_status":"closed","ping_status":"closed","template":"elementor_header_footer","meta":{"footnotes":""},"class_list":["post-3498","page","type-page","status-publish","hentry"],"yoast_head":"<!-- This site is optimized with the Yoast SEO plugin v27.0 - https:\/\/yoast.com\/product\/yoast-seo-wordpress\/ -->\n<title>Services | Globe Nettoyage Gen\u00e8ve<\/title>\n<meta name=\"description\" content=\"Globe Nettoyage offers cleaning and maintenance services for houses, flats, offices and controlled environment areas.\" \/>\n<meta name=\"robots\" content=\"index, follow, max-snippet:-1, max-image-preview:large, max-video-preview:-1\" \/>\n<link rel=\"canonical\" href=\"https:\/\/www.globenettoyage.ch\/en\/services\/\" \/>\n<meta property=\"og:locale\" content=\"en_US\" \/>\n<meta property=\"og:type\" content=\"article\" \/>\n<meta property=\"og:title\" content=\"Services | Globe Nettoyage Gen\u00e8ve\" \/>\n<meta property=\"og:description\" content=\"Globe Nettoyage offers cleaning and maintenance services for houses, flats, offices and controlled environment areas.\" \/>\n<meta property=\"og:url\" content=\"https:\/\/www.globenettoyage.ch\/en\/services\/\" \/>\n<meta property=\"og:site_name\" content=\"Globe Nettoyage Gen\u00e8ve\" \/>\n<meta property=\"article:modified_time\" content=\"2026-02-24T10:29:50+00:00\" \/>\n<meta property=\"og:image\" content=\"https:\/\/www.globenettoyage.ch\/wp-content\/uploads\/2017\/06\/salle-blanche.jpg\" \/>\n<meta name=\"twitter:card\" content=\"summary_large_image\" \/>\n<meta name=\"twitter:label1\" content=\"Est. reading time\" \/>\n\t<meta name=\"twitter:data1\" content=\"2 minutes\" \/>\n<script type=\"application\/ld+json\" class=\"yoast-schema-graph\">{\"@context\":\"https:\/\/schema.org\",\"@graph\":[{\"@type\":\"WebPage\",\"@id\":\"https:\/\/www.globenettoyage.ch\/en\/services\/\",\"url\":\"https:\/\/www.globenettoyage.ch\/en\/services\/\",\"name\":\"Services | Globe Nettoyage Gen\u00e8ve\",\"isPartOf\":{\"@id\":\"https:\/\/www.globenettoyage.ch\/en\/#website\"},\"primaryImageOfPage\":{\"@id\":\"https:\/\/www.globenettoyage.ch\/en\/services\/#primaryimage\"},\"image\":{\"@id\":\"https:\/\/www.globenettoyage.ch\/en\/services\/#primaryimage\"},\"thumbnailUrl\":\"https:\/\/www.globenettoyage.ch\/wp-content\/uploads\/2017\/06\/salle-blanche.jpg\",\"datePublished\":\"2021-08-29T02:53:49+00:00\",\"dateModified\":\"2026-02-24T10:29:50+00:00\",\"description\":\"Globe Nettoyage offers cleaning and maintenance services for houses, flats, offices and controlled environment areas.\",\"breadcrumb\":{\"@id\":\"https:\/\/www.globenettoyage.ch\/en\/services\/#breadcrumb\"},\"inLanguage\":\"en-US\",\"potentialAction\":[{\"@type\":\"ReadAction\",\"target\":[\"https:\/\/www.globenettoyage.ch\/en\/services\/\"]}]},{\"@type\":\"ImageObject\",\"inLanguage\":\"en-US\",\"@id\":\"https:\/\/www.globenettoyage.ch\/en\/services\/#primaryimage\",\"url\":\"https:\/\/www.globenettoyage.ch\/wp-content\/uploads\/2017\/06\/salle-blanche.jpg\",\"contentUrl\":\"https:\/\/www.globenettoyage.ch\/wp-content\/uploads\/2017\/06\/salle-blanche.jpg\"},{\"@type\":\"BreadcrumbList\",\"@id\":\"https:\/\/www.globenettoyage.ch\/en\/services\/#breadcrumb\",\"itemListElement\":[{\"@type\":\"ListItem\",\"position\":1,\"name\":\"Home\",\"item\":\"https:\/\/www.globenettoyage.ch\/en\/\"},{\"@type\":\"ListItem\",\"position\":2,\"name\":\"Services\"}]},{\"@type\":\"WebSite\",\"@id\":\"https:\/\/www.globenettoyage.ch\/en\/#website\",\"url\":\"https:\/\/www.globenettoyage.ch\/en\/\",\"name\":\"Globe Nettoyage Gen\u00e8ve\",\"description\":\"Entreprise de Nettoyage\u00a0Gen\u00e8ve - Sp\u00e9cialiste en ultra propret\u00e9\",\"publisher\":{\"@id\":\"https:\/\/www.globenettoyage.ch\/en\/#organization\"},\"alternateName\":\"Globe Nettoyage Gen\u00e8ve\",\"potentialAction\":[{\"@type\":\"SearchAction\",\"target\":{\"@type\":\"EntryPoint\",\"urlTemplate\":\"https:\/\/www.globenettoyage.ch\/en\/?s={search_term_string}\"},\"query-input\":{\"@type\":\"PropertyValueSpecification\",\"valueRequired\":true,\"valueName\":\"search_term_string\"}}],\"inLanguage\":\"en-US\"},{\"@type\":\"Organization\",\"@id\":\"https:\/\/www.globenettoyage.ch\/en\/#organization\",\"name\":\"Globe Nettoyage Gen\u00e8ve\",\"url\":\"https:\/\/www.globenettoyage.ch\/en\/\",\"logo\":{\"@type\":\"ImageObject\",\"inLanguage\":\"en-US\",\"@id\":\"https:\/\/www.globenettoyage.ch\/en\/#\/schema\/logo\/image\/\",\"url\":\"https:\/\/www.globenettoyage.ch\/wp-content\/uploads\/2023\/12\/Logo-Globe-et-Services.jpg\",\"contentUrl\":\"https:\/\/www.globenettoyage.ch\/wp-content\/uploads\/2023\/12\/Logo-Globe-et-Services.jpg\",\"width\":442,\"height\":425,\"caption\":\"Globe Nettoyage Gen\u00e8ve\"},\"image\":{\"@id\":\"https:\/\/www.globenettoyage.ch\/en\/#\/schema\/logo\/image\/\"}}]}<\/script>\n<!-- \/ Yoast SEO plugin. -->","yoast_head_json":{"title":"Services | Globe Nettoyage Gen\u00e8ve","description":"Globe Nettoyage offers cleaning and maintenance services for houses, flats, offices and controlled environment areas.","robots":{"index":"index","follow":"follow","max-snippet":"max-snippet:-1","max-image-preview":"max-image-preview:large","max-video-preview":"max-video-preview:-1"},"canonical":"https:\/\/www.globenettoyage.ch\/en\/services\/","og_locale":"en_US","og_type":"article","og_title":"Services | Globe Nettoyage Gen\u00e8ve","og_description":"Globe Nettoyage offers cleaning and maintenance services for houses, flats, offices and controlled environment areas.","og_url":"https:\/\/www.globenettoyage.ch\/en\/services\/","og_site_name":"Globe Nettoyage Gen\u00e8ve","article_modified_time":"2026-02-24T10:29:50+00:00","og_image":[{"url":"https:\/\/www.globenettoyage.ch\/wp-content\/uploads\/2017\/06\/salle-blanche.jpg","type":"","width":"","height":""}],"twitter_card":"summary_large_image","twitter_misc":{"Est. reading time":"2 minutes"},"schema":{"@context":"https:\/\/schema.org","@graph":[{"@type":"WebPage","@id":"https:\/\/www.globenettoyage.ch\/en\/services\/","url":"https:\/\/www.globenettoyage.ch\/en\/services\/","name":"Services | Globe Nettoyage Gen\u00e8ve","isPartOf":{"@id":"https:\/\/www.globenettoyage.ch\/en\/#website"},"primaryImageOfPage":{"@id":"https:\/\/www.globenettoyage.ch\/en\/services\/#primaryimage"},"image":{"@id":"https:\/\/www.globenettoyage.ch\/en\/services\/#primaryimage"},"thumbnailUrl":"https:\/\/www.globenettoyage.ch\/wp-content\/uploads\/2017\/06\/salle-blanche.jpg","datePublished":"2021-08-29T02:53:49+00:00","dateModified":"2026-02-24T10:29:50+00:00","description":"Globe Nettoyage offers cleaning and maintenance services for houses, flats, offices and controlled environment areas.","breadcrumb":{"@id":"https:\/\/www.globenettoyage.ch\/en\/services\/#breadcrumb"},"inLanguage":"en-US","potentialAction":[{"@type":"ReadAction","target":["https:\/\/www.globenettoyage.ch\/en\/services\/"]}]},{"@type":"ImageObject","inLanguage":"en-US","@id":"https:\/\/www.globenettoyage.ch\/en\/services\/#primaryimage","url":"https:\/\/www.globenettoyage.ch\/wp-content\/uploads\/2017\/06\/salle-blanche.jpg","contentUrl":"https:\/\/www.globenettoyage.ch\/wp-content\/uploads\/2017\/06\/salle-blanche.jpg"},{"@type":"BreadcrumbList","@id":"https:\/\/www.globenettoyage.ch\/en\/services\/#breadcrumb","itemListElement":[{"@type":"ListItem","position":1,"name":"Home","item":"https:\/\/www.globenettoyage.ch\/en\/"},{"@type":"ListItem","position":2,"name":"Services"}]},{"@type":"WebSite","@id":"https:\/\/www.globenettoyage.ch\/en\/#website","url":"https:\/\/www.globenettoyage.ch\/en\/","name":"Globe Nettoyage Gen\u00e8ve","description":"Entreprise de Nettoyage\u00a0Gen\u00e8ve - Sp\u00e9cialiste en ultra propret\u00e9","publisher":{"@id":"https:\/\/www.globenettoyage.ch\/en\/#organization"},"alternateName":"Globe Nettoyage Gen\u00e8ve","potentialAction":[{"@type":"SearchAction","target":{"@type":"EntryPoint","urlTemplate":"https:\/\/www.globenettoyage.ch\/en\/?s={search_term_string}"},"query-input":{"@type":"PropertyValueSpecification","valueRequired":true,"valueName":"search_term_string"}}],"inLanguage":"en-US"},{"@type":"Organization","@id":"https:\/\/www.globenettoyage.ch\/en\/#organization","name":"Globe Nettoyage Gen\u00e8ve","url":"https:\/\/www.globenettoyage.ch\/en\/","logo":{"@type":"ImageObject","inLanguage":"en-US","@id":"https:\/\/www.globenettoyage.ch\/en\/#\/schema\/logo\/image\/","url":"https:\/\/www.globenettoyage.ch\/wp-content\/uploads\/2023\/12\/Logo-Globe-et-Services.jpg","contentUrl":"https:\/\/www.globenettoyage.ch\/wp-content\/uploads\/2023\/12\/Logo-Globe-et-Services.jpg","width":442,"height":425,"caption":"Globe Nettoyage Gen\u00e8ve"},"image":{"@id":"https:\/\/www.globenettoyage.ch\/en\/#\/schema\/logo\/image\/"}}]}},"_links":{"self":[{"href":"https:\/\/www.globenettoyage.ch\/en\/wp-json\/wp\/v2\/pages\/3498","targetHints":{"allow":["GET"]}}],"collection":[{"href":"https:\/\/www.globenettoyage.ch\/en\/wp-json\/wp\/v2\/pages"}],"about":[{"href":"https:\/\/www.globenettoyage.ch\/en\/wp-json\/wp\/v2\/types\/page"}],"author":[{"embeddable":true,"href":"https:\/\/www.globenettoyage.ch\/en\/wp-json\/wp\/v2\/users\/1"}],"replies":[{"embeddable":true,"href":"https:\/\/www.globenettoyage.ch\/en\/wp-json\/wp\/v2\/comments?post=3498"}],"version-history":[{"count":11,"href":"https:\/\/www.globenettoyage.ch\/en\/wp-json\/wp\/v2\/pages\/3498\/revisions"}],"predecessor-version":[{"id":3621,"href":"https:\/\/www.globenettoyage.ch\/en\/wp-json\/wp\/v2\/pages\/3498\/revisions\/3621"}],"wp:attachment":[{"href":"https:\/\/www.globenettoyage.ch\/en\/wp-json\/wp\/v2\/media?parent=3498"}],"curies":[{"name":"wp","href":"https:\/\/api.w.org\/{rel}","templated":true}]}}