{"id":3545,"date":"2021-08-29T06:06:47","date_gmt":"2021-08-29T04:06:47","guid":{"rendered":"https:\/\/www.globenettoyage.ch\/contacts\/"},"modified":"2026-02-18T15:15:30","modified_gmt":"2026-02-18T14:15:30","slug":"contacts","status":"publish","type":"page","link":"https:\/\/www.globenettoyage.ch\/en\/contacts\/","title":{"rendered":"Contacts"},"content":{"rendered":"\t\t<div data-elementor-type=\"wp-page\" data-elementor-id=\"3545\" class=\"elementor elementor-3545 elementor-1528\">\n\t\t\t\t\t\t<section class=\"elementor-section elementor-top-section elementor-element elementor-element-27818bb8 elementor-section-boxed elementor-section-height-default elementor-section-height-default\" data-id=\"27818bb8\" data-element_type=\"section\" data-e-type=\"section\" data-settings=\"{&quot;background_background&quot;:&quot;classic&quot;}\">\n\t\t\t\t\t\t<div class=\"elementor-container elementor-column-gap-no\">\n\t\t\t\t\t<div class=\"elementor-column elementor-col-50 elementor-top-column elementor-element elementor-element-4154da4f col-md-4\" data-id=\"4154da4f\" data-element_type=\"column\" data-e-type=\"column\">\n\t\t\t<div class=\"elementor-widget-wrap elementor-element-populated\">\n\t\t\t\t\t\t<div class=\"elementor-element elementor-element-6258246 elementor-hidden-tablet elementor-hidden-mobile elementor-widget elementor-widget-image\" data-id=\"6258246\" data-element_type=\"widget\" data-e-type=\"widget\" data-widget_type=\"image.default\">\n\t\t\t\t<div class=\"elementor-widget-container\">\n\t\t\t\t\t\t\t\t\t\t\t\t\t\t\t<img fetchpriority=\"high\" decoding=\"async\" width=\"296\" height=\"300\" src=\"https:\/\/www.globenettoyage.ch\/wp-content\/uploads\/2024\/01\/Logo_Globe-Nettoyage-296x300.png\" class=\"attachment-medium size-medium wp-image-3484\" alt=\"\" srcset=\"https:\/\/www.globenettoyage.ch\/wp-content\/uploads\/2024\/01\/Logo_Globe-Nettoyage-296x300.png 296w, https:\/\/www.globenettoyage.ch\/wp-content\/uploads\/2024\/01\/Logo_Globe-Nettoyage-477x483.png 477w, https:\/\/www.globenettoyage.ch\/wp-content\/uploads\/2024\/01\/Logo_Globe-Nettoyage-100x100.png 100w, https:\/\/www.globenettoyage.ch\/wp-content\/uploads\/2024\/01\/Logo_Globe-Nettoyage.png 593w\" sizes=\"(max-width: 296px) 100vw, 296px\" \/>\t\t\t\t\t\t\t\t\t\t\t\t\t\t\t<\/div>\n\t\t\t\t<\/div>\n\t\t\t\t<div class=\"elementor-element elementor-element-2492855f elementor-widget elementor-widget-cleaning_contact_info\" data-id=\"2492855f\" data-element_type=\"widget\" data-e-type=\"widget\" data-widget_type=\"cleaning_contact_info.default\">\n\t\t\t\t<div class=\"elementor-widget-container\">\n\t\t\t\t\t \r\n    <h2><\/h2>\r\n    <div id=\"cleaning_contact_box-1\" class=\"widget widget_cleaning_contact_box\">\r\n        <h4>Contacts<\/h4>\r\n        <div class=\"col-md-12\">\r\n             \r\n                <div class=\"contact-info-sm\">\r\n                    <h5>Address<\/h5>\r\n                    <i aria-hidden=\"true\" class=\"icon  icon-map-marker\"><\/i>Rue du Pr\u00e9 de la Fontaine 15<\/br>\n1242 Satigny                <\/div> \r\n                 \r\n                <div class=\"contact-info-sm\">\r\n                    <h5>Phone<\/h5>\r\n                    <i aria-hidden=\"true\" class=\"icon  icon-technology\"><\/i>+41 22 734 23 82                <\/div> \r\n                 \r\n                <div class=\"contact-info-sm\">\r\n                    <h5>Opening hours<\/h5>\r\n                    <i aria-hidden=\"true\" class=\"icon  icon-clock\"><\/i>Mon-Fri: 9:00 - 12h00 I 14h00 - 17:00                <\/div> \r\n                            <div class=\"divider\"><\/div>\r\n            <h5><\/h5>\r\n            <ul class=\"social-list\">\r\n             \r\n                <li><a href=\"#_\"   >\r\n                                <\/a><\/li>\r\n                            <\/ul>\r\n        <\/div>\r\n    <\/div>\r\n\t\t\t\t<\/div>\n\t\t\t\t<\/div>\n\t\t\t\t\t<\/div>\n\t\t<\/div>\n\t\t\t\t<div class=\"elementor-column elementor-col-50 elementor-top-column elementor-element elementor-element-475116d7 col-md-8\" data-id=\"475116d7\" data-element_type=\"column\" data-e-type=\"column\">\n\t\t\t<div class=\"elementor-widget-wrap elementor-element-populated\">\n\t\t\t\t\t\t<div class=\"elementor-element elementor-element-8407366 elementor-widget elementor-widget-text-editor\" data-id=\"8407366\" data-element_type=\"widget\" data-e-type=\"widget\" data-widget_type=\"text-editor.default\">\n\t\t\t\t<div class=\"elementor-widget-container\">\n\t\t\t\t\t\t\t\t\t<div class=\"elementor-element elementor-element-3b2e788 elementor-widget elementor-widget-text-editor\" data-id=\"3b2e788\" data-element_type=\"widget\" data-widget_type=\"text-editor.default\"><div class=\"elementor-widget-container\"><h1 class=\"text-center h-lg h-decor\"><span style=\"color: #2c6aa0;\">At your service<\/span><\/h1><\/div><\/div>\t\t\t\t\t\t\t\t<\/div>\n\t\t\t\t<\/div>\n\t\t\t\t<div class=\"elementor-element elementor-element-18be0fff elementor-widget elementor-widget-shortcode\" data-id=\"18be0fff\" data-element_type=\"widget\" data-e-type=\"widget\" data-widget_type=\"shortcode.default\">\n\t\t\t\t<div class=\"elementor-widget-container\">\n\t\t\t\t\t\t\t<div class=\"elementor-shortcode\">\n<div class=\"wpcf7 no-js\" id=\"wpcf7-f3550-o1\" lang=\"en-US\" dir=\"ltr\" data-wpcf7-id=\"3550\">\n<div class=\"screen-reader-response\"><p role=\"status\" aria-live=\"polite\" aria-atomic=\"true\"><\/p> <ul><\/ul><\/div>\n<form action=\"\/en\/wp-json\/wp\/v2\/pages\/3545#wpcf7-f3550-o1\" method=\"post\" class=\"wpcf7-form init\" aria-label=\"Contact form\" novalidate=\"novalidate\" data-status=\"init\">\n<fieldset class=\"hidden-fields-container\"><input type=\"hidden\" name=\"_wpcf7\" value=\"3550\" \/><input type=\"hidden\" name=\"_wpcf7_version\" value=\"6.1.5\" \/><input type=\"hidden\" name=\"_wpcf7_locale\" value=\"en_US\" \/><input type=\"hidden\" name=\"_wpcf7_unit_tag\" value=\"wpcf7-f3550-o1\" \/><input type=\"hidden\" name=\"_wpcf7_container_post\" value=\"0\" \/><input type=\"hidden\" name=\"_wpcf7_posted_data_hash\" value=\"\" \/>\n<\/fieldset>\n<div class=\"successform text-center\">\n\t<p>Your message was sent successfully!\n\t<\/p>\n<\/div>\n<div class=\"errorform text-center\">\n\t<p>Something went wrong, try refreshing and submitting the form again.\n\t<\/p>\n<\/div>\n<div class=\"row\">\n\t<div class=\"col-sm-6\">\n\t\t<p><span class=\"wpcf7-form-control-wrap\" data-name=\"your-name\"><input size=\"40\" maxlength=\"400\" class=\"wpcf7-form-control wpcf7-text wpcf7-validates-as-required input-custom input-custom--sm input-full\" aria-required=\"true\" aria-invalid=\"false\" placeholder=\"Name\" value=\"\" type=\"text\" name=\"your-name\" \/><\/span>\n\t\t<\/p>\n\t<\/div>\n\t<div class=\"col-sm-6\">\n\t\t<p><span class=\"wpcf7-form-control-wrap\" data-name=\"your-address\"><input size=\"40\" maxlength=\"400\" class=\"wpcf7-form-control wpcf7-text input-custom input-custom--sm input-full\" aria-invalid=\"false\" placeholder=\"Company\" value=\"\" type=\"text\" name=\"your-address\" \/><\/span>\n\t\t<\/p>\n\t<\/div>\n<\/div>\n<div class=\"row\">\n\t<div class=\"col-sm-6\">\n\t\t<p><span class=\"wpcf7-form-control-wrap\" data-name=\"your-phone\"><input class=\"wpcf7-form-control wpcf7-number wpcf7-validates-as-required wpcf7-validates-as-number input-custom input-custom--sm input-full\" aria-required=\"true\" aria-invalid=\"false\" placeholder=\"Phone\" value=\"\" type=\"number\" name=\"your-phone\" \/><\/span>\n\t\t<\/p>\n\t<\/div>\n\t<div class=\"col-sm-6\">\n\t\t<p><span class=\"wpcf7-form-control-wrap\" data-name=\"email-72\"><input size=\"40\" maxlength=\"400\" class=\"wpcf7-form-control wpcf7-email wpcf7-validates-as-required wpcf7-text wpcf7-validates-as-email input-custom input-custom--sm input-full\" aria-required=\"true\" aria-invalid=\"false\" placeholder=\"E-mail\" value=\"\" type=\"email\" name=\"email-72\" \/><\/span>\n\t\t<\/p>\n\t<\/div>\n<\/div>\n<div class=\"divider-line\">\n<\/div>\n<div class=\"select-wrapper select-wrapper--sm\">\n\t<p><span class=\"wpcf7-form-control-wrap\" data-name=\"select1\"><select class=\"wpcf7-form-control wpcf7-select input-custom input-custom--sm\" aria-invalid=\"false\" name=\"select1\"><option value=\"- Desired service -\">- Desired service -<\/option><option value=\"MAINTENANCE OF CONTROLLED ATMOSPHERE AREAS (CAA)\">MAINTENANCE OF CONTROLLED ATMOSPHERE AREAS (CAA)<\/option><option value=\"FACILITY MANAGEMENT\">FACILITY MANAGEMENT<\/option><option value=\"CONCIERGE SERVICE\">CONCIERGE SERVICE<\/option><option value=\"SPECIAL\/ONE-OFF JOBS\">SPECIAL\/ONE-OFF JOBS<\/option><option value=\"SPECIAL SERVICES\">SPECIAL SERVICES<\/option><\/select><\/span><br \/>\n<span class=\"wpcf7-form-control-wrap\" data-name=\"textarea-448\"><textarea cols=\"40\" rows=\"10\" maxlength=\"2000\" class=\"wpcf7-form-control wpcf7-textarea input-custom input-custom--sm input-full\" aria-invalid=\"false\" placeholder=\"Message\" name=\"textarea-448\"><\/textarea><\/span>\n\t<\/p>\n<\/div>\n<p class=\"text-center defr-content\">We will confirm your service request within 24 hours. Thank you.\n<\/p>\n<p><span class=\"wpcf7-form-control-wrap\" data-name=\"acceptance-262\"><span class=\"wpcf7-form-control wpcf7-acceptance\"><span class=\"wpcf7-list-item\"><label><input type=\"checkbox\" name=\"acceptance-262\" value=\"1\" aria-invalid=\"false\" \/><span class=\"wpcf7-list-item-label\">I consent to the collection and processing of my personal data as defined in the <a href=\"https:\/\/www.globenettoyage.ch\/en\/privacy-policy\" target=\"\">privacy policy <\/a>and acknowledge that I have been informed of the possibility of revoking my consent at any time.<\/span><\/label><\/span><\/span><\/span><br \/>\n<div id=\"cf7sr-69f1edb78d8db\" class=\"cf7sr-g-recaptcha\" data-theme=\"light\" data-type=\"image\" data-size=\"normal\" data-sitekey=\"6LeqdeopAAAAAJOdSxckBa-zKIZ6-dHzWG7KJHi1\"><\/div><span class=\"wpcf7-form-control-wrap cf7sr-recaptcha\" data-name=\"cf7sr-recaptcha\"><input type=\"hidden\" name=\"cf7sr-recaptcha\" value=\"\" class=\"wpcf7-form-control\"><\/span>\n<\/p>\n<div class=\"text-center\">\n\t<p><input class=\"wpcf7-form-control wpcf7-submit has-spinner btn btn-wide\" type=\"submit\" value=\"Send\" \/>\n\t<\/p>\n<\/div>\n<div class=\"divider\">\n<\/div>\n<div class=\"successform text-center\">\n\t<div class=\"divider-line\">\n\t<\/div>\n\t<p>Your message was sent successfully!\n\t<\/p>\n\t<div class=\"divider\">\n\t<\/div>\n<\/div>\n<div class=\"errorform text-center\">\n\t<div class=\"divider-line\">\n\t<\/div>\n\t<p>Something went wrong, try refreshing and submitting the form again.\n\t<\/p>\n\t<div class=\"divider\">\n\t<\/div>\n<\/div>\n\n<p style=\"display: none !important;\" class=\"akismet-fields-container\" data-prefix=\"_wpcf7_ak_\"><label>&#916;<textarea name=\"_wpcf7_ak_hp_textarea\" cols=\"45\" rows=\"8\" maxlength=\"100\"><\/textarea><\/label><input type=\"hidden\" id=\"ak_js_1\" name=\"_wpcf7_ak_js\" value=\"154\"\/><script>document.getElementById( \"ak_js_1\" ).setAttribute( \"value\", ( new Date() ).getTime() );<\/script><\/p><div class=\"wpcf7-response-output\" aria-hidden=\"true\"><\/div>\n<\/form>\n<\/div>\n<\/div>\n\t\t\t\t\t\t<\/div>\n\t\t\t\t<\/div>\n\t\t\t\t\t<\/div>\n\t\t<\/div>\n\t\t\t\t\t<\/div>\n\t\t<\/section>\n\t\t\t\t<section class=\"elementor-section elementor-top-section elementor-element elementor-element-17e5df4f elementor-section-boxed elementor-section-height-default elementor-section-height-default\" data-id=\"17e5df4f\" data-element_type=\"section\" data-e-type=\"section\" data-settings=\"{&quot;background_background&quot;:&quot;classic&quot;}\">\n\t\t\t\t\t\t<div class=\"elementor-container elementor-column-gap-default\">\n\t\t\t\t\t<div class=\"elementor-column elementor-col-50 elementor-top-column elementor-element elementor-element-612f3f1d\" data-id=\"612f3f1d\" data-element_type=\"column\" data-e-type=\"column\">\n\t\t\t<div class=\"elementor-widget-wrap elementor-element-populated\">\n\t\t\t\t\t\t<div class=\"elementor-element elementor-element-7aef19ff elementor-widget elementor-widget-text-editor\" data-id=\"7aef19ff\" data-element_type=\"widget\" data-e-type=\"widget\" data-widget_type=\"text-editor.default\">\n\t\t\t\t<div class=\"elementor-widget-container\">\n\t\t\t\t\t\t\t\t\t<h6>Get in touch with us to get a free quote.<\/h6><ul class=\"marker-list\"><li>No contract or obligation<\/li><li>Competitive rates<\/li><li>Quality work<\/li><li>A service schedule designed to meet your needs<\/li><li>ISO 9001 certification<\/li><\/ul>\t\t\t\t\t\t\t\t<\/div>\n\t\t\t\t<\/div>\n\t\t\t\t\t<\/div>\n\t\t<\/div>\n\t\t\t\t<div class=\"elementor-column elementor-col-50 elementor-top-column elementor-element elementor-element-476529e9\" data-id=\"476529e9\" data-element_type=\"column\" data-e-type=\"column\">\n\t\t\t<div class=\"elementor-widget-wrap elementor-element-populated\">\n\t\t\t\t\t\t<div class=\"elementor-element elementor-element-499c7579 elementor-widget elementor-widget-clenaing_affiliate_office\" data-id=\"499c7579\" data-element_type=\"widget\" data-e-type=\"widget\" data-widget_type=\"clenaing_affiliate_office.default\">\n\t\t\t\t<div class=\"elementor-widget-container\">\n\t\t\t\t\t  \r\n\t\t<div class=\"address-box\">\r\n\t\t\t<h3>GLOBE NETTOYAGE<\/h3>\r\n\t\t\t<div class=\"contact-info-sm\">\r\n\t\t\t\t<i class=\"icon icon-map-marker\"><\/i>\r\n\t\t\t\t\t\t\t\t\t<b>Satigny<\/b><br>\r\n\t\t\t\t\tPhone\t\t\t\t\t : \r\n\t\t\t\t\t +41 22 734 23 82\t\t\t\t\t<br>Rue du Pr\u00e9 de la Fontaine 15 |1242 Satigny<br>\r\n\t\t\t\t\t\t\t\t<ul class=\"social-list social-list-sm\">\r\n\t\t\t\t\t\t\t\t\t\t \r\n\t\t\t\t\t\t<li>\r\n\t\t\t\t\t\t\t<a href=\"#_\"  ><\/a>\r\n\t\t\t\t\t\t<\/li> \r\n\t\t\t\t\t\t\t\t\t\t<\/ul>\r\n\t\t\t<\/div>\r\n\t\t<\/div>\r\n\t\t\t\t\t\t<\/div>\n\t\t\t\t<\/div>\n\t\t\t\t\t<\/div>\n\t\t<\/div>\n\t\t\t\t\t<\/div>\n\t\t<\/section>\n\t\t\t\t<section class=\"elementor-section elementor-top-section elementor-element elementor-element-d77bea0 elementor-section-full_width elementor-section-height-default elementor-section-height-default\" data-id=\"d77bea0\" data-element_type=\"section\" data-e-type=\"section\">\n\t\t\t\t\t\t<div class=\"elementor-container elementor-column-gap-no\">\n\t\t\t\t\t<div class=\"elementor-column elementor-col-100 elementor-top-column elementor-element elementor-element-99ffe86\" data-id=\"99ffe86\" data-element_type=\"column\" data-e-type=\"column\">\n\t\t\t<div class=\"elementor-widget-wrap elementor-element-populated\">\n\t\t\t\t\t\t<div class=\"elementor-element elementor-element-44924e1 elementor-widget elementor-widget-google_maps\" data-id=\"44924e1\" data-element_type=\"widget\" data-e-type=\"widget\" data-widget_type=\"google_maps.default\">\n\t\t\t\t<div class=\"elementor-widget-container\">\n\t\t\t\t\t\t\t<div class=\"elementor-custom-embed\">\n\t\t\t<iframe loading=\"lazy\"\n\t\t\t\t\tsrc=\"https:\/\/maps.google.com\/maps?q=Rue%20du%20Pr%C3%A9%20de%20la%20Fontaine%2015%201242%20Satigny&#038;t=m&#038;z=15&#038;output=embed&#038;iwloc=near\"\n\t\t\t\t\ttitle=\"Rue du Pr\u00e9 de la Fontaine 15 1242 Satigny\"\n\t\t\t\t\taria-label=\"Rue du Pr\u00e9 de la Fontaine 15 1242 Satigny\"\n\t\t\t><\/iframe>\n\t\t<\/div>\n\t\t\t\t\t\t<\/div>\n\t\t\t\t<\/div>\n\t\t\t\t\t<\/div>\n\t\t<\/div>\n\t\t\t\t\t<\/div>\n\t\t<\/section>\n\t\t\t\t<\/div>\n\t\t","protected":false},"excerpt":{"rendered":"<p>Contacts Address Rue du Pr\u00e9 de la Fontaine 15 1242 Satigny Phone +41 22 734 23 82 Opening hours Mon-Fri: 9:00 &#8211; 12h00 I 14h00 &#8211; 17:00 At your service Get in touch with us to get a free quote. No contract or obligation Competitive rates Quality work A service schedule designed to meet your [&hellip;]<\/p>\n","protected":false},"author":1,"featured_media":0,"parent":0,"menu_order":0,"comment_status":"closed","ping_status":"closed","template":"elementor_header_footer","meta":{"footnotes":""},"class_list":["post-3545","page","type-page","status-publish","hentry"],"yoast_head":"<!-- This site is optimized with the Yoast SEO plugin v27.0 - https:\/\/yoast.com\/product\/yoast-seo-wordpress\/ -->\n<title>Contacts | Globe Nettoyage Gen\u00e8ve<\/title>\n<meta name=\"description\" content=\"For any cleaning and maintenance quote requests or for more details about Globe Nettoyage&#039;s services, please contact us.\" \/>\n<meta name=\"robots\" content=\"index, follow, max-snippet:-1, max-image-preview:large, max-video-preview:-1\" \/>\n<link rel=\"canonical\" href=\"https:\/\/www.globenettoyage.ch\/en\/contacts\/\" \/>\n<meta property=\"og:locale\" content=\"en_US\" \/>\n<meta property=\"og:type\" content=\"article\" \/>\n<meta property=\"og:title\" content=\"Contacts | Globe Nettoyage Gen\u00e8ve\" \/>\n<meta property=\"og:description\" content=\"For any cleaning and maintenance quote requests or for more details about Globe Nettoyage&#039;s services, please contact us.\" \/>\n<meta property=\"og:url\" content=\"https:\/\/www.globenettoyage.ch\/en\/contacts\/\" \/>\n<meta property=\"og:site_name\" content=\"Globe Nettoyage Gen\u00e8ve\" \/>\n<meta property=\"article:modified_time\" content=\"2026-02-18T14:15:30+00:00\" \/>\n<meta property=\"og:image\" content=\"https:\/\/www.globenettoyage.ch\/wp-content\/uploads\/2024\/01\/Logo_Globe-Nettoyage.png\" \/>\n\t<meta property=\"og:image:width\" content=\"593\" \/>\n\t<meta property=\"og:image:height\" content=\"601\" \/>\n\t<meta property=\"og:image:type\" content=\"image\/png\" \/>\n<meta name=\"twitter:card\" content=\"summary_large_image\" \/>\n<script type=\"application\/ld+json\" class=\"yoast-schema-graph\">{\"@context\":\"https:\/\/schema.org\",\"@graph\":[{\"@type\":\"WebPage\",\"@id\":\"https:\/\/www.globenettoyage.ch\/en\/contacts\/\",\"url\":\"https:\/\/www.globenettoyage.ch\/en\/contacts\/\",\"name\":\"Contacts | Globe Nettoyage Gen\u00e8ve\",\"isPartOf\":{\"@id\":\"https:\/\/www.globenettoyage.ch\/en\/#website\"},\"primaryImageOfPage\":{\"@id\":\"https:\/\/www.globenettoyage.ch\/en\/contacts\/#primaryimage\"},\"image\":{\"@id\":\"https:\/\/www.globenettoyage.ch\/en\/contacts\/#primaryimage\"},\"thumbnailUrl\":\"https:\/\/www.globenettoyage.ch\/wp-content\/uploads\/2024\/01\/Logo_Globe-Nettoyage-296x300.png\",\"datePublished\":\"2021-08-29T04:06:47+00:00\",\"dateModified\":\"2026-02-18T14:15:30+00:00\",\"description\":\"For any cleaning and maintenance quote requests or for more details about Globe Nettoyage's services, please contact us.\",\"breadcrumb\":{\"@id\":\"https:\/\/www.globenettoyage.ch\/en\/contacts\/#breadcrumb\"},\"inLanguage\":\"en-US\",\"potentialAction\":[{\"@type\":\"ReadAction\",\"target\":[\"https:\/\/www.globenettoyage.ch\/en\/contacts\/\"]}]},{\"@type\":\"ImageObject\",\"inLanguage\":\"en-US\",\"@id\":\"https:\/\/www.globenettoyage.ch\/en\/contacts\/#primaryimage\",\"url\":\"https:\/\/www.globenettoyage.ch\/wp-content\/uploads\/2024\/01\/Logo_Globe-Nettoyage-296x300.png\",\"contentUrl\":\"https:\/\/www.globenettoyage.ch\/wp-content\/uploads\/2024\/01\/Logo_Globe-Nettoyage-296x300.png\"},{\"@type\":\"BreadcrumbList\",\"@id\":\"https:\/\/www.globenettoyage.ch\/en\/contacts\/#breadcrumb\",\"itemListElement\":[{\"@type\":\"ListItem\",\"position\":1,\"name\":\"Home\",\"item\":\"https:\/\/www.globenettoyage.ch\/en\/\"},{\"@type\":\"ListItem\",\"position\":2,\"name\":\"Contacts\"}]},{\"@type\":\"WebSite\",\"@id\":\"https:\/\/www.globenettoyage.ch\/en\/#website\",\"url\":\"https:\/\/www.globenettoyage.ch\/en\/\",\"name\":\"Globe Nettoyage Gen\u00e8ve\",\"description\":\"Entreprise de Nettoyage\u00a0Gen\u00e8ve - Sp\u00e9cialiste en ultra propret\u00e9\",\"publisher\":{\"@id\":\"https:\/\/www.globenettoyage.ch\/en\/#organization\"},\"alternateName\":\"Globe Nettoyage Gen\u00e8ve\",\"potentialAction\":[{\"@type\":\"SearchAction\",\"target\":{\"@type\":\"EntryPoint\",\"urlTemplate\":\"https:\/\/www.globenettoyage.ch\/en\/?s={search_term_string}\"},\"query-input\":{\"@type\":\"PropertyValueSpecification\",\"valueRequired\":true,\"valueName\":\"search_term_string\"}}],\"inLanguage\":\"en-US\"},{\"@type\":\"Organization\",\"@id\":\"https:\/\/www.globenettoyage.ch\/en\/#organization\",\"name\":\"Globe Nettoyage Gen\u00e8ve\",\"url\":\"https:\/\/www.globenettoyage.ch\/en\/\",\"logo\":{\"@type\":\"ImageObject\",\"inLanguage\":\"en-US\",\"@id\":\"https:\/\/www.globenettoyage.ch\/en\/#\/schema\/logo\/image\/\",\"url\":\"https:\/\/www.globenettoyage.ch\/wp-content\/uploads\/2023\/12\/Logo-Globe-et-Services.jpg\",\"contentUrl\":\"https:\/\/www.globenettoyage.ch\/wp-content\/uploads\/2023\/12\/Logo-Globe-et-Services.jpg\",\"width\":442,\"height\":425,\"caption\":\"Globe Nettoyage Gen\u00e8ve\"},\"image\":{\"@id\":\"https:\/\/www.globenettoyage.ch\/en\/#\/schema\/logo\/image\/\"}}]}<\/script>\n<!-- \/ Yoast SEO plugin. -->","yoast_head_json":{"title":"Contacts | Globe Nettoyage Gen\u00e8ve","description":"For any cleaning and maintenance quote requests or for more details about Globe Nettoyage's services, please contact us.","robots":{"index":"index","follow":"follow","max-snippet":"max-snippet:-1","max-image-preview":"max-image-preview:large","max-video-preview":"max-video-preview:-1"},"canonical":"https:\/\/www.globenettoyage.ch\/en\/contacts\/","og_locale":"en_US","og_type":"article","og_title":"Contacts | Globe Nettoyage Gen\u00e8ve","og_description":"For any cleaning and maintenance quote requests or for more details about Globe Nettoyage's services, please contact us.","og_url":"https:\/\/www.globenettoyage.ch\/en\/contacts\/","og_site_name":"Globe Nettoyage Gen\u00e8ve","article_modified_time":"2026-02-18T14:15:30+00:00","og_image":[{"width":593,"height":601,"url":"https:\/\/www.globenettoyage.ch\/wp-content\/uploads\/2024\/01\/Logo_Globe-Nettoyage.png","type":"image\/png"}],"twitter_card":"summary_large_image","schema":{"@context":"https:\/\/schema.org","@graph":[{"@type":"WebPage","@id":"https:\/\/www.globenettoyage.ch\/en\/contacts\/","url":"https:\/\/www.globenettoyage.ch\/en\/contacts\/","name":"Contacts | Globe Nettoyage Gen\u00e8ve","isPartOf":{"@id":"https:\/\/www.globenettoyage.ch\/en\/#website"},"primaryImageOfPage":{"@id":"https:\/\/www.globenettoyage.ch\/en\/contacts\/#primaryimage"},"image":{"@id":"https:\/\/www.globenettoyage.ch\/en\/contacts\/#primaryimage"},"thumbnailUrl":"https:\/\/www.globenettoyage.ch\/wp-content\/uploads\/2024\/01\/Logo_Globe-Nettoyage-296x300.png","datePublished":"2021-08-29T04:06:47+00:00","dateModified":"2026-02-18T14:15:30+00:00","description":"For any cleaning and maintenance quote requests or for more details about Globe Nettoyage's services, please contact us.","breadcrumb":{"@id":"https:\/\/www.globenettoyage.ch\/en\/contacts\/#breadcrumb"},"inLanguage":"en-US","potentialAction":[{"@type":"ReadAction","target":["https:\/\/www.globenettoyage.ch\/en\/contacts\/"]}]},{"@type":"ImageObject","inLanguage":"en-US","@id":"https:\/\/www.globenettoyage.ch\/en\/contacts\/#primaryimage","url":"https:\/\/www.globenettoyage.ch\/wp-content\/uploads\/2024\/01\/Logo_Globe-Nettoyage-296x300.png","contentUrl":"https:\/\/www.globenettoyage.ch\/wp-content\/uploads\/2024\/01\/Logo_Globe-Nettoyage-296x300.png"},{"@type":"BreadcrumbList","@id":"https:\/\/www.globenettoyage.ch\/en\/contacts\/#breadcrumb","itemListElement":[{"@type":"ListItem","position":1,"name":"Home","item":"https:\/\/www.globenettoyage.ch\/en\/"},{"@type":"ListItem","position":2,"name":"Contacts"}]},{"@type":"WebSite","@id":"https:\/\/www.globenettoyage.ch\/en\/#website","url":"https:\/\/www.globenettoyage.ch\/en\/","name":"Globe Nettoyage Gen\u00e8ve","description":"Entreprise de Nettoyage\u00a0Gen\u00e8ve - Sp\u00e9cialiste en ultra propret\u00e9","publisher":{"@id":"https:\/\/www.globenettoyage.ch\/en\/#organization"},"alternateName":"Globe Nettoyage Gen\u00e8ve","potentialAction":[{"@type":"SearchAction","target":{"@type":"EntryPoint","urlTemplate":"https:\/\/www.globenettoyage.ch\/en\/?s={search_term_string}"},"query-input":{"@type":"PropertyValueSpecification","valueRequired":true,"valueName":"search_term_string"}}],"inLanguage":"en-US"},{"@type":"Organization","@id":"https:\/\/www.globenettoyage.ch\/en\/#organization","name":"Globe Nettoyage Gen\u00e8ve","url":"https:\/\/www.globenettoyage.ch\/en\/","logo":{"@type":"ImageObject","inLanguage":"en-US","@id":"https:\/\/www.globenettoyage.ch\/en\/#\/schema\/logo\/image\/","url":"https:\/\/www.globenettoyage.ch\/wp-content\/uploads\/2023\/12\/Logo-Globe-et-Services.jpg","contentUrl":"https:\/\/www.globenettoyage.ch\/wp-content\/uploads\/2023\/12\/Logo-Globe-et-Services.jpg","width":442,"height":425,"caption":"Globe Nettoyage Gen\u00e8ve"},"image":{"@id":"https:\/\/www.globenettoyage.ch\/en\/#\/schema\/logo\/image\/"}}]}},"_links":{"self":[{"href":"https:\/\/www.globenettoyage.ch\/en\/wp-json\/wp\/v2\/pages\/3545","targetHints":{"allow":["GET"]}}],"collection":[{"href":"https:\/\/www.globenettoyage.ch\/en\/wp-json\/wp\/v2\/pages"}],"about":[{"href":"https:\/\/www.globenettoyage.ch\/en\/wp-json\/wp\/v2\/types\/page"}],"author":[{"embeddable":true,"href":"https:\/\/www.globenettoyage.ch\/en\/wp-json\/wp\/v2\/users\/1"}],"replies":[{"embeddable":true,"href":"https:\/\/www.globenettoyage.ch\/en\/wp-json\/wp\/v2\/comments?post=3545"}],"version-history":[{"count":1,"href":"https:\/\/www.globenettoyage.ch\/en\/wp-json\/wp\/v2\/pages\/3545\/revisions"}],"predecessor-version":[{"id":3546,"href":"https:\/\/www.globenettoyage.ch\/en\/wp-json\/wp\/v2\/pages\/3545\/revisions\/3546"}],"wp:attachment":[{"href":"https:\/\/www.globenettoyage.ch\/en\/wp-json\/wp\/v2\/media?parent=3545"}],"curies":[{"name":"wp","href":"https:\/\/api.w.org\/{rel}","templated":true}]}}