{"id":3553,"date":"2023-12-13T14:32:47","date_gmt":"2023-12-13T13:32:47","guid":{"rendered":"https:\/\/www.globenettoyage.ch\/legal-notice\/"},"modified":"2026-02-18T16:23:12","modified_gmt":"2026-02-18T15:23:12","slug":"legal-notice","status":"publish","type":"page","link":"https:\/\/www.globenettoyage.ch\/en\/legal-notice\/","title":{"rendered":"Legal Notice"},"content":{"rendered":"\t\t<div data-elementor-type=\"wp-page\" data-elementor-id=\"3553\" class=\"elementor elementor-3553 elementor-2954\">\n\t\t\t\t<div class=\"elementor-element elementor-element-430831c e-flex e-con-boxed e-con e-parent\" data-id=\"430831c\" data-element_type=\"container\" data-e-type=\"container\">\n\t\t\t\t\t<div class=\"e-con-inner\">\n\t\t\t\t<div class=\"elementor-element elementor-element-8cb99b0 elementor-widget elementor-widget-heading\" data-id=\"8cb99b0\" data-element_type=\"widget\" data-e-type=\"widget\" data-widget_type=\"heading.default\">\n\t\t\t\t<div class=\"elementor-widget-container\">\n\t\t\t\t\t<h1 class=\"elementor-heading-title elementor-size-default\">LEGAL NOTICE<\/h1>\t\t\t\t<\/div>\n\t\t\t\t<\/div>\n\t\t\t\t<div class=\"elementor-element elementor-element-2693e93 elementor-widget elementor-widget-text-editor\" data-id=\"2693e93\" data-element_type=\"widget\" data-e-type=\"widget\" data-widget_type=\"text-editor.default\">\n\t\t\t\t<div class=\"elementor-widget-container\">\n\t\t\t\t\t\t\t\t\t<div id=\"bgLayers_comp-lo4l1xik\" class=\"MW5IWV\" data-hook=\"bgLayers\"><div id=\"bgMedia_comp-lo4l1xik\" class=\"VgO9Yg\"><div id=\"comp-lo4k8yx9\" class=\"KcpHeO tz5f0K comp-lo4k8yx9 wixui-rich-text\" data-testid=\"richTextElement\"> <\/div><div id=\"comp-lo4k8yxb\" class=\"KcpHeO tz5f0K comp-lo4k8yxb wixui-rich-text\" data-testid=\"richTextElement\"><p class=\"font_8 wixui-rich-text__text\">Company Name: Globe Nettoyage<br class=\"wixui-rich-text__text\">Address: Rue du Pr\u00e9 de la Fontaine 15 &#8211; 1242 Satigny<br>Phone: <a href=\"tel:+41%2022%20734%2023%2082\">+41 22 734 23 82<\/a><\/p><p class=\"font_8 wixui-rich-text__text\">The website www.globenettoyage.ch is the website of Globe Nettoyage company.<\/p><p class=\"font_8 wixui-rich-text__text\">Publication Director: Ozan Dogan<br class=\"wixui-rich-text__text\">Creation: <span class=\"wixui-rich-text__text\"><a class=\"wixui-rich-text__text\" href=\"http:\/\/www.lipsdesgin.fr\" target=\"_blank\" rel=\"noreferrer noopener\">www.lipsdesign.fr<\/a><\/span><\/p><h3 class=\"font_2 wixui-rich-text__text\"><span class=\"wixui-rich-text__text\">COPYRIGHT<\/span><\/h3><p class=\"font_8 wixui-rich-text__text\">This entire site is subject to Swiss and international legislation on copyright and intellectual property. All reproduction rights are reserved, including for downloadable documents and iconographic and photographic representations. Reproduction of all or part of this site on any electronic medium whatsoever is strictly prohibited, unless expressly authorized by the publication director.   <\/p><h3 class=\"font_3 wixui-rich-text__text\"><span class=\"wixui-rich-text__text\">PERSONAL DATA PROTECTION<\/span><\/h3><p class=\"font_8 wixui-rich-text__text\">No personal information is collected without your knowledge. No personal information is transferred to third parties. No personal information is used for unforeseen purposes. The information requested from you when subscribing to the site&#8217;s publications and newsletters is essential for accessing these documents.<br class=\"wixui-rich-text__text\">This information is intended solely for Globe Nettoyage, with whom rights of access and rectification can be exercised.<br class=\"wixui-rich-text__text\">Addresses of all types (postal or email) may under no circumstances be transferred to third parties or communicated for unforeseen purposes.<br class=\"wixui-rich-text__text\">In accordance with the new Data Protection Act (LPD) of September 1, 2023, relating to data processing, files, and freedoms, you have the right to access and rectify information concerning you by contacting the publication manager. To exercise this right, the Client can send an email via the \u201ccontact us\u201d section.    <\/p><h3 class=\"font_3 wixui-rich-text__text\"><span class=\"wixui-rich-text__text\">SITE MODIFICATION<\/span><\/h3><p class=\"font_8 wixui-rich-text__text\">The editorial team reserves the right to modify or correct the content of this site and this legal notice at any time and without prior notice. <\/p><h3 class=\"font_3 wixui-rich-text__text\"><span class=\"wixui-rich-text__text\">DISCLAIMER<\/span><\/h3><p class=\"font_8 wixui-rich-text__text\">It is the responsibility of the user of this site to take all appropriate measures to protect their own data and\/or software from contamination by potential viruses circulating on the Internet. Globe Nettoyage cannot be held responsible for direct or indirect damages resulting from the use of this website. This website is governed by Swiss law.  <\/p><h3 class=\"font_3 wixui-rich-text__text\"><span class=\"wixui-rich-text__text\">WEB HOSTING<\/span><\/h3><p class=\"font_8 wixui-rich-text__text\">www.globenettoyage.ch contact is hosted by:<br class=\"wixui-rich-text__text\">INFOMANIAK<br>Rue Eug\u00e8ne-Marziano 25 1227 Geneva, Switzerland<br>+41 22 820 35 44I<\/p><\/div><\/div><\/div>\t\t\t\t\t\t\t\t<\/div>\n\t\t\t\t<\/div>\n\t\t\t\t\t<\/div>\n\t\t\t\t<\/div>\n\t\t\t\t<section class=\"elementor-section elementor-top-section elementor-element elementor-element-052dbee elementor-section-boxed elementor-section-height-default elementor-section-height-default\" data-id=\"052dbee\" data-element_type=\"section\" data-e-type=\"section\" data-settings=\"{&quot;background_background&quot;:&quot;classic&quot;}\">\n\t\t\t\t\t\t<div class=\"elementor-container elementor-column-gap-no\">\n\t\t\t\t\t<div class=\"elementor-column elementor-col-100 elementor-top-column elementor-element elementor-element-dbbd7fb\" data-id=\"dbbd7fb\" data-element_type=\"column\" data-e-type=\"column\">\n\t\t\t<div class=\"elementor-widget-wrap elementor-element-populated\">\n\t\t\t\t\t\t<div class=\"elementor-element elementor-element-d67ad41 elementor-widget elementor-widget-contact_info_cleaningservice\" data-id=\"d67ad41\" data-element_type=\"widget\" data-e-type=\"widget\" data-widget_type=\"contact_info_cleaningservice.default\">\n\t\t\t\t<div class=\"elementor-widget-container\">\n\t\t\t\t\t\t\t<div class=\"contact-box\">\r\n\t\t\t<div class=\"contact-info-wrap sub-service-btn\">\r\n\t\t\t\t\t\t\t\t\t<div class=\"contact-info\">\r\n\t\t\t\t\t\t<i aria-hidden=\"true\" class=\"icon  icon-technology\"><\/i>\t\t\t\t\t\t+41 22 734 23 82\t\t\t\t\t<\/div> \r\n\t\t\t\t\t\t\t\t\t\t<div class=\"contact-info\">\r\n\t\t\t\t\t\t<i aria-hidden=\"true\" class=\"icon  icon-letter\"><\/i>\t\t\t\t\t\tinfo@globenettoyage.ch\t\t\t\t\t<\/div> \r\n\t\t\t\t\t\t\t\t\t\t<div class=\"contact-info\">\r\n\t\t\t\t\t\t<i aria-hidden=\"true\" class=\"icon  icon-clock\"><\/i>\t\t\t\t\t\tMon-Fri: 9h00 - 12h00 I 14h00 - 17h00\t\t\t\t\t<\/div> \r\n\t\t\t\t\t\t\t\t<\/div>\r\n\t\t\t<a href=\"https:\/\/globenettoyage.ch\/OLD\/contacts\/\"   class=\"btn sub-btn\"><i class=\"icon icon-bell\"><\/i>Free quote<\/a>\r\n\t\t<\/div>\r\n\t\t\t\t\t\t<\/div>\n\t\t\t\t<\/div>\n\t\t\t\t\t<\/div>\n\t\t<\/div>\n\t\t\t\t\t<\/div>\n\t\t<\/section>\n\t\t\t\t<\/div>\n\t\t","protected":false},"excerpt":{"rendered":"<p>LEGAL NOTICE Company Name: Globe NettoyageAddress: Rue du Pr\u00e9 de la Fontaine 15 &#8211; 1242 SatignyPhone: +41 22 734 23 82 The website www.globenettoyage.ch is the website of Globe Nettoyage company. Publication Director: Ozan DoganCreation: www.lipsdesign.fr COPYRIGHT This entire site is subject to Swiss and international legislation on copyright and intellectual property. All reproduction rights [&hellip;]<\/p>\n","protected":false},"author":1,"featured_media":0,"parent":0,"menu_order":0,"comment_status":"closed","ping_status":"closed","template":"elementor_header_footer","meta":{"footnotes":""},"class_list":["post-3553","page","type-page","status-publish","hentry"],"yoast_head":"<!-- This site is optimized with the Yoast SEO plugin v27.0 - https:\/\/yoast.com\/product\/yoast-seo-wordpress\/ -->\n<title>Legal Notice | Globe Nettoyage Gen\u00e8ve<\/title>\n<meta name=\"robots\" content=\"noindex, nofollow\" \/>\n<meta property=\"og:locale\" content=\"en_US\" \/>\n<meta property=\"og:type\" content=\"article\" \/>\n<meta property=\"og:title\" content=\"Legal Notice | Globe Nettoyage Gen\u00e8ve\" \/>\n<meta property=\"og:description\" content=\"LEGAL NOTICE Company Name: Globe NettoyageAddress: Rue du Pr\u00e9 de la Fontaine 15 &#8211; 1242 SatignyPhone: +41 22 734 23 82 The website www.globenettoyage.ch is the website of Globe Nettoyage company. Publication Director: Ozan DoganCreation: www.lipsdesign.fr COPYRIGHT This entire site is subject to Swiss and international legislation on copyright and intellectual property. All reproduction rights [&hellip;]\" \/>\n<meta property=\"og:url\" content=\"https:\/\/www.globenettoyage.ch\/en\/legal-notice\/\" \/>\n<meta property=\"og:site_name\" content=\"Globe Nettoyage Gen\u00e8ve\" \/>\n<meta property=\"article:modified_time\" content=\"2026-02-18T15:23:12+00:00\" \/>\n<meta property=\"og:image\" content=\"https:\/\/www.globenettoyage.ch\/wp-content\/uploads\/2023\/12\/Globe-nettoyage-header.png\" \/>\n\t<meta property=\"og:image:width\" content=\"870\" \/>\n\t<meta property=\"og:image:height\" content=\"483\" \/>\n\t<meta property=\"og:image:type\" content=\"image\/png\" \/>\n<meta name=\"twitter:card\" content=\"summary_large_image\" \/>\n<meta name=\"twitter:label1\" content=\"Est. reading time\" \/>\n\t<meta name=\"twitter:data1\" content=\"2 minutes\" \/>\n<script type=\"application\/ld+json\" class=\"yoast-schema-graph\">{\"@context\":\"https:\/\/schema.org\",\"@graph\":[{\"@type\":\"WebPage\",\"@id\":\"https:\/\/www.globenettoyage.ch\/en\/legal-notice\/\",\"url\":\"https:\/\/www.globenettoyage.ch\/en\/legal-notice\/\",\"name\":\"Legal Notice | Globe Nettoyage Gen\u00e8ve\",\"isPartOf\":{\"@id\":\"https:\/\/www.globenettoyage.ch\/en\/#website\"},\"datePublished\":\"2023-12-13T13:32:47+00:00\",\"dateModified\":\"2026-02-18T15:23:12+00:00\",\"breadcrumb\":{\"@id\":\"https:\/\/www.globenettoyage.ch\/en\/legal-notice\/#breadcrumb\"},\"inLanguage\":\"en-US\",\"potentialAction\":[{\"@type\":\"ReadAction\",\"target\":[\"https:\/\/www.globenettoyage.ch\/en\/legal-notice\/\"]}]},{\"@type\":\"BreadcrumbList\",\"@id\":\"https:\/\/www.globenettoyage.ch\/en\/legal-notice\/#breadcrumb\",\"itemListElement\":[{\"@type\":\"ListItem\",\"position\":1,\"name\":\"Home\",\"item\":\"https:\/\/www.globenettoyage.ch\/en\/\"},{\"@type\":\"ListItem\",\"position\":2,\"name\":\"Legal Notice\"}]},{\"@type\":\"WebSite\",\"@id\":\"https:\/\/www.globenettoyage.ch\/en\/#website\",\"url\":\"https:\/\/www.globenettoyage.ch\/en\/\",\"name\":\"Globe Nettoyage Gen\u00e8ve\",\"description\":\"Entreprise de Nettoyage\u00a0Gen\u00e8ve - Sp\u00e9cialiste en ultra propret\u00e9\",\"publisher\":{\"@id\":\"https:\/\/www.globenettoyage.ch\/en\/#organization\"},\"alternateName\":\"Globe Nettoyage Gen\u00e8ve\",\"potentialAction\":[{\"@type\":\"SearchAction\",\"target\":{\"@type\":\"EntryPoint\",\"urlTemplate\":\"https:\/\/www.globenettoyage.ch\/en\/?s={search_term_string}\"},\"query-input\":{\"@type\":\"PropertyValueSpecification\",\"valueRequired\":true,\"valueName\":\"search_term_string\"}}],\"inLanguage\":\"en-US\"},{\"@type\":\"Organization\",\"@id\":\"https:\/\/www.globenettoyage.ch\/en\/#organization\",\"name\":\"Globe Nettoyage Gen\u00e8ve\",\"url\":\"https:\/\/www.globenettoyage.ch\/en\/\",\"logo\":{\"@type\":\"ImageObject\",\"inLanguage\":\"en-US\",\"@id\":\"https:\/\/www.globenettoyage.ch\/en\/#\/schema\/logo\/image\/\",\"url\":\"https:\/\/www.globenettoyage.ch\/wp-content\/uploads\/2023\/12\/Logo-Globe-et-Services.jpg\",\"contentUrl\":\"https:\/\/www.globenettoyage.ch\/wp-content\/uploads\/2023\/12\/Logo-Globe-et-Services.jpg\",\"width\":442,\"height\":425,\"caption\":\"Globe Nettoyage Gen\u00e8ve\"},\"image\":{\"@id\":\"https:\/\/www.globenettoyage.ch\/en\/#\/schema\/logo\/image\/\"}}]}<\/script>\n<!-- \/ Yoast SEO plugin. -->","yoast_head_json":{"title":"Legal Notice | Globe Nettoyage Gen\u00e8ve","robots":{"index":"noindex","follow":"nofollow"},"og_locale":"en_US","og_type":"article","og_title":"Legal Notice | Globe Nettoyage Gen\u00e8ve","og_description":"LEGAL NOTICE Company Name: Globe NettoyageAddress: Rue du Pr\u00e9 de la Fontaine 15 &#8211; 1242 SatignyPhone: +41 22 734 23 82 The website www.globenettoyage.ch is the website of Globe Nettoyage company. Publication Director: Ozan DoganCreation: www.lipsdesign.fr COPYRIGHT This entire site is subject to Swiss and international legislation on copyright and intellectual property. All reproduction rights [&hellip;]","og_url":"https:\/\/www.globenettoyage.ch\/en\/legal-notice\/","og_site_name":"Globe Nettoyage Gen\u00e8ve","article_modified_time":"2026-02-18T15:23:12+00:00","og_image":[{"width":870,"height":483,"url":"https:\/\/www.globenettoyage.ch\/wp-content\/uploads\/2023\/12\/Globe-nettoyage-header.png","type":"image\/png"}],"twitter_card":"summary_large_image","twitter_misc":{"Est. reading time":"2 minutes"},"schema":{"@context":"https:\/\/schema.org","@graph":[{"@type":"WebPage","@id":"https:\/\/www.globenettoyage.ch\/en\/legal-notice\/","url":"https:\/\/www.globenettoyage.ch\/en\/legal-notice\/","name":"Legal Notice | Globe Nettoyage Gen\u00e8ve","isPartOf":{"@id":"https:\/\/www.globenettoyage.ch\/en\/#website"},"datePublished":"2023-12-13T13:32:47+00:00","dateModified":"2026-02-18T15:23:12+00:00","breadcrumb":{"@id":"https:\/\/www.globenettoyage.ch\/en\/legal-notice\/#breadcrumb"},"inLanguage":"en-US","potentialAction":[{"@type":"ReadAction","target":["https:\/\/www.globenettoyage.ch\/en\/legal-notice\/"]}]},{"@type":"BreadcrumbList","@id":"https:\/\/www.globenettoyage.ch\/en\/legal-notice\/#breadcrumb","itemListElement":[{"@type":"ListItem","position":1,"name":"Home","item":"https:\/\/www.globenettoyage.ch\/en\/"},{"@type":"ListItem","position":2,"name":"Legal Notice"}]},{"@type":"WebSite","@id":"https:\/\/www.globenettoyage.ch\/en\/#website","url":"https:\/\/www.globenettoyage.ch\/en\/","name":"Globe Nettoyage Gen\u00e8ve","description":"Entreprise de Nettoyage\u00a0Gen\u00e8ve - Sp\u00e9cialiste en ultra propret\u00e9","publisher":{"@id":"https:\/\/www.globenettoyage.ch\/en\/#organization"},"alternateName":"Globe Nettoyage Gen\u00e8ve","potentialAction":[{"@type":"SearchAction","target":{"@type":"EntryPoint","urlTemplate":"https:\/\/www.globenettoyage.ch\/en\/?s={search_term_string}"},"query-input":{"@type":"PropertyValueSpecification","valueRequired":true,"valueName":"search_term_string"}}],"inLanguage":"en-US"},{"@type":"Organization","@id":"https:\/\/www.globenettoyage.ch\/en\/#organization","name":"Globe Nettoyage Gen\u00e8ve","url":"https:\/\/www.globenettoyage.ch\/en\/","logo":{"@type":"ImageObject","inLanguage":"en-US","@id":"https:\/\/www.globenettoyage.ch\/en\/#\/schema\/logo\/image\/","url":"https:\/\/www.globenettoyage.ch\/wp-content\/uploads\/2023\/12\/Logo-Globe-et-Services.jpg","contentUrl":"https:\/\/www.globenettoyage.ch\/wp-content\/uploads\/2023\/12\/Logo-Globe-et-Services.jpg","width":442,"height":425,"caption":"Globe Nettoyage Gen\u00e8ve"},"image":{"@id":"https:\/\/www.globenettoyage.ch\/en\/#\/schema\/logo\/image\/"}}]}},"_links":{"self":[{"href":"https:\/\/www.globenettoyage.ch\/en\/wp-json\/wp\/v2\/pages\/3553","targetHints":{"allow":["GET"]}}],"collection":[{"href":"https:\/\/www.globenettoyage.ch\/en\/wp-json\/wp\/v2\/pages"}],"about":[{"href":"https:\/\/www.globenettoyage.ch\/en\/wp-json\/wp\/v2\/types\/page"}],"author":[{"embeddable":true,"href":"https:\/\/www.globenettoyage.ch\/en\/wp-json\/wp\/v2\/users\/1"}],"replies":[{"embeddable":true,"href":"https:\/\/www.globenettoyage.ch\/en\/wp-json\/wp\/v2\/comments?post=3553"}],"version-history":[{"count":1,"href":"https:\/\/www.globenettoyage.ch\/en\/wp-json\/wp\/v2\/pages\/3553\/revisions"}],"predecessor-version":[{"id":3554,"href":"https:\/\/www.globenettoyage.ch\/en\/wp-json\/wp\/v2\/pages\/3553\/revisions\/3554"}],"wp:attachment":[{"href":"https:\/\/www.globenettoyage.ch\/en\/wp-json\/wp\/v2\/media?parent=3553"}],"curies":[{"name":"wp","href":"https:\/\/api.w.org\/{rel}","templated":true}]}}