{"id":3555,"date":"2023-11-27T14:05:20","date_gmt":"2023-11-27T13:05:20","guid":{"rendered":"https:\/\/www.globenettoyage.ch\/privacy-policy\/"},"modified":"2026-02-18T16:46:21","modified_gmt":"2026-02-18T15:46:21","slug":"privacy-policy","status":"publish","type":"page","link":"https:\/\/www.globenettoyage.ch\/en\/privacy-policy\/","title":{"rendered":"Privacy policy"},"content":{"rendered":"\t\t<div data-elementor-type=\"wp-page\" data-elementor-id=\"3555\" class=\"elementor elementor-3555 elementor-3\">\n\t\t\t\t<div class=\"elementor-element elementor-element-24b0db9 e-flex e-con-boxed e-con e-parent\" data-id=\"24b0db9\" data-element_type=\"container\" data-e-type=\"container\">\n\t\t\t\t\t<div class=\"e-con-inner\">\n\t\t\t\t<div class=\"elementor-element elementor-element-d0a34ce elementor-widget elementor-widget-heading\" data-id=\"d0a34ce\" data-element_type=\"widget\" data-e-type=\"widget\" data-widget_type=\"heading.default\">\n\t\t\t\t<div class=\"elementor-widget-container\">\n\t\t\t\t\t<h1 class=\"elementor-heading-title elementor-size-default\">PRIVACY POLICY<\/h1>\t\t\t\t<\/div>\n\t\t\t\t<\/div>\n\t\t\t\t<div class=\"elementor-element elementor-element-90e1b04 elementor-widget elementor-widget-text-editor\" data-id=\"90e1b04\" data-element_type=\"widget\" data-e-type=\"widget\" data-widget_type=\"text-editor.default\">\n\t\t\t\t<div class=\"elementor-widget-container\">\n\t\t\t\t\t\t\t\t\t<h2><span class=\"wixui-rich-text__text\">1. DATA PROTECTION<\/span><\/h2><p class=\"font_8 wixui-rich-text__text\">Globe Nettoyage takes the protection of your personal data very seriously. We treat your personal data confidentially and in accordance with the legal provisions of the Swiss Federal Act (nLPD) on data protection and this data protection declaration.<br class=\"wixui-rich-text__text\" \/><br \/>You can use our website without providing any personal data. Insofar as personal data (e.g. name, address or e-mail address) is collected on our website to enable you to take advantage of a subscription, this is always done on a voluntary basis. This data is not shared with third parties.<\/p><h2 class=\"font_2 wixui-rich-text__text\"><span class=\"wixui-rich-text__text\">2. COLLECTION OF PERSONAL DATA<\/span><\/h2><p class=\"font_8 wixui-rich-text__text\">We only collect personal data if it is necessary for the provision of the specific service.<br class=\"wixui-rich-text__text\" \/>You can visit our website www.globenettoyage.ch without providing any personal information. We only store access data without personal reference, such as the name of your Internet service provider, the page from which you visit us or the name of the file requested. This data is evaluated exclusively for the improvement of our website and does not allow any conclusions to be drawn about your identity.<br class=\"wixui-rich-text__text\" \/><br \/><br \/>Personal data relating to the identity of a subscriber, such as name, address, postal address, telephone number or email address, is only collected on our website if you voluntarily provide it when registering for a subscription via the website contact form or in another way, e.g. by email.<\/p><h2 class=\"font_2 wixui-rich-text__text\"><span class=\"wixui-rich-text__text\">3. USE OF PERSONAL DATA<\/span><\/h2><p class=\"font_8 wixui-rich-text__text\"><span class=\"wixui-rich-text__text\">Personal data collected on forms:<\/span><\/p><ul class=\"font_8 wixui-rich-text__text\"><li class=\"wixui-rich-text__text\"><p class=\"font_8 wixui-rich-text__text\"><span class=\"wixui-rich-text__text\">Contact Form<\/span><\/p><\/li><\/ul><p class=\"font_8 wixui-rich-text__text\">are: Surname &#8211; First name &#8211; Telephone number &#8211; Email address &#8211; Company name<\/p><p class=\"font_8 wixui-rich-text__text\">Copies of this form data are stored on the Globe Nettoyage website.<br \/>The data is used solely (and for this purpose only) to respond accurately to enquiries from customers or potential customers in connection with Globe Nettoyage&#8217;s activities.<\/p><h2 class=\"font_2 wixui-rich-text__text\"><span class=\"wixui-rich-text__text\">4. TRANSFER OF PERSONAL DATA TO THIRD PARTIES<\/span><\/h2><p class=\"font_8 wixui-rich-text__text\"><span class=\"wixui-rich-text__text\">Your data will not be passed on unless we are legally obliged to do so (e.g. request from an investigating authority) or authorised to do so (e.g. in connection with order processing) or you have expressly consented to its transfer to third parties.<br class=\"wixui-rich-text__text\" \/><br class=\"wixui-rich-text__text\" \/>In particular, data is passed on to third parties if this is necessary for the execution and processing of the contract. These third parties are, of course, required to protect your data and to use it only for the specific purpose assigned to them. Furthermore, they are obliged to process data in accordance with this data protection declaration and the applicable legal situation.<\/span><\/p><h2 class=\"font_2 wixui-rich-text__text\"><span class=\"wixui-rich-text__text\">5. RIGHT TO INFORMATION, ERASURE, AND BLOCKING<\/span><\/h2><p class=\"font_8 wixui-rich-text__text\"><span class=\"wixui-rich-text__text\">You have the right to obtain information at any time about your stored personal data, its origin and recipients, and the purpose of data processing, as well as the right to correct, block, or delete this data.<\/span><\/p><p class=\"font_8 wixui-rich-text__text\"><span class=\"wixui-rich-text__text\">If you wish to permanently delete your personal data from our database, simply request this using our contact form, which is accessible to all our subscribers.<\/span><\/p><h2 class=\"font_2 wixui-rich-text__text\"><span class=\"wixui-rich-text__text\"> 6. DATA SECURITY<\/span><\/h2><p class=\"font_8 wixui-rich-text__text\"><span class=\"wixui-rich-text__text\">Your personal data, which is exchanged with us via the website, is generally transmitted in encrypted form, which corresponds to the current state of the art. We protect our website and other systems with technical and organisational measures against loss, destruction, access, modification or distribution of your data by unauthorised persons.<\/span><\/p><h2 class=\"font_2 wixui-rich-text__text\"><span class=\"wixui-rich-text__text\">7. USE OF COOKIES<\/span><\/h2><p class=\"font_8 wixui-rich-text__text\"><span class=\"wixui-rich-text__text\">Please see our <a class=\"wixui-rich-text__text\" href=\"https:\/\/www.globenettoyage.ch\/en\/cookie-policy\" target=\"_self\" rel=\"noreferrer noopener\">cookie statement <\/a>for information on how you can adjust your cookie settings and for detailed information about the cookies we use and how we use them.<\/span><\/p><h2 class=\"font_2 wixui-rich-text__text\">8. REFERENCES TO EXTERNAL LINKS<\/h2><p class=\"font_8 wixui-rich-text__text\"><span class=\"wixui-rich-text__text\">Articles on this site may include embedded content (e.g. videos, images, articles, etc.). Content embedded from other websites behaves in the same way as if the visitor were visiting that other website.<\/span><\/p><p class=\"font_8 wixui-rich-text__text\"><span class=\"wixui-rich-text__text\">These websites may collect data about you, use cookies, embed third-party tracking tools, and track your interactions with these embedded contents if you have an account logged in on their website.<\/span><\/p><h2 class=\"font_2 wixui-rich-text__text\"><span class=\"wixui-rich-text__text\">9. CHANGES<\/span><\/h2><p class=\"font_8 wixui-rich-text__text\"><span class=\"wixui-rich-text__text\">We may amend this privacy policy without prior notice. The version currently published on our website applies. If the privacy policy forms part of an agreement with you, we will notify you by e-mail or other appropriate means if we change it.<\/span><\/p><h2 class=\"font_2 wixui-rich-text__text\"><span class=\"wixui-rich-text__text\">10. QUESTION TO THE DATA PROTECTION OFFICER<\/span><\/h2><p class=\"font_8 wixui-rich-text__text\"><span class=\"wixui-rich-text__text\">If you have any questions regarding privacy protection, please send us an e-mail via our contact form.<\/span><\/p>\t\t\t\t\t\t\t\t<\/div>\n\t\t\t\t<\/div>\n\t\t\t\t\t<\/div>\n\t\t\t\t<\/div>\n\t\t\t\t<section class=\"elementor-section elementor-top-section elementor-element elementor-element-28d07e1 elementor-section-boxed elementor-section-height-default elementor-section-height-default\" data-id=\"28d07e1\" data-element_type=\"section\" data-e-type=\"section\" data-settings=\"{&quot;background_background&quot;:&quot;classic&quot;}\">\n\t\t\t\t\t\t<div class=\"elementor-container elementor-column-gap-no\">\n\t\t\t\t\t<div class=\"elementor-column elementor-col-100 elementor-top-column elementor-element elementor-element-81dbfbb\" data-id=\"81dbfbb\" data-element_type=\"column\" data-e-type=\"column\">\n\t\t\t<div class=\"elementor-widget-wrap elementor-element-populated\">\n\t\t\t\t\t\t<div class=\"elementor-element elementor-element-d7cc26f elementor-widget elementor-widget-contact_info_cleaningservice\" data-id=\"d7cc26f\" data-element_type=\"widget\" data-e-type=\"widget\" data-widget_type=\"contact_info_cleaningservice.default\">\n\t\t\t\t<div class=\"elementor-widget-container\">\n\t\t\t\t\t\t\t<div class=\"contact-box\">\r\n\t\t\t<div class=\"contact-info-wrap sub-service-btn\">\r\n\t\t\t\t\t\t\t\t\t<div class=\"contact-info\">\r\n\t\t\t\t\t\t<i aria-hidden=\"true\" class=\"icon  icon-technology\"><\/i>\t\t\t\t\t\t+41 22 734 23 82\t\t\t\t\t<\/div> \r\n\t\t\t\t\t\t\t\t\t\t<div class=\"contact-info\">\r\n\t\t\t\t\t\t<i aria-hidden=\"true\" class=\"icon  icon-letter\"><\/i>\t\t\t\t\t\tinfo@globenettoyage.ch\t\t\t\t\t<\/div> \r\n\t\t\t\t\t\t\t\t\t\t<div class=\"contact-info\">\r\n\t\t\t\t\t\t<i aria-hidden=\"true\" class=\"icon  icon-clock\"><\/i>\t\t\t\t\t\tMon-Fri: 9h00 - 12h00 I 14h00 - 17h00\t\t\t\t\t<\/div> \r\n\t\t\t\t\t\t\t\t<\/div>\r\n\t\t\t<a href=\"https:\/\/globenettoyage.ch\/OLD\/contacts\/\"   class=\"btn sub-btn\"><i class=\"icon icon-bell\"><\/i>Free quote<\/a>\r\n\t\t<\/div>\r\n\t\t\t\t\t\t<\/div>\n\t\t\t\t<\/div>\n\t\t\t\t\t<\/div>\n\t\t<\/div>\n\t\t\t\t\t<\/div>\n\t\t<\/section>\n\t\t\t\t<\/div>\n\t\t","protected":false},"excerpt":{"rendered":"<p>PRIVACY POLICY 1. DATA PROTECTION Globe Nettoyage takes the protection of your personal data very seriously. We treat your personal data confidentially and in accordance with the legal provisions of the Swiss Federal Act (nLPD) on data protection and this data protection declaration. You can use our website without providing any personal data. Insofar as [&hellip;]<\/p>\n","protected":false},"author":1,"featured_media":0,"parent":0,"menu_order":0,"comment_status":"closed","ping_status":"open","template":"elementor_header_footer","meta":{"footnotes":""},"class_list":["post-3555","page","type-page","status-publish","hentry"],"yoast_head":"<!-- This site is optimized with the Yoast SEO plugin v27.0 - https:\/\/yoast.com\/product\/yoast-seo-wordpress\/ -->\n<title>Privacy policy | Globe Nettoyage Gen\u00e8ve<\/title>\n<meta name=\"robots\" content=\"noindex, nofollow\" \/>\n<meta property=\"og:locale\" content=\"en_US\" \/>\n<meta property=\"og:type\" content=\"article\" \/>\n<meta property=\"og:title\" content=\"Privacy policy | Globe Nettoyage Gen\u00e8ve\" \/>\n<meta property=\"og:description\" content=\"PRIVACY POLICY 1. DATA PROTECTION Globe Nettoyage takes the protection of your personal data very seriously. We treat your personal data confidentially and in accordance with the legal provisions of the Swiss Federal Act (nLPD) on data protection and this data protection declaration. You can use our website without providing any personal data. Insofar as [&hellip;]\" \/>\n<meta property=\"og:url\" content=\"https:\/\/www.globenettoyage.ch\/en\/privacy-policy\/\" \/>\n<meta property=\"og:site_name\" content=\"Globe Nettoyage Gen\u00e8ve\" \/>\n<meta property=\"article:modified_time\" content=\"2026-02-18T15:46:21+00:00\" \/>\n<meta property=\"og:image\" content=\"https:\/\/www.globenettoyage.ch\/wp-content\/uploads\/2023\/12\/Globe-nettoyage-header.png\" \/>\n\t<meta property=\"og:image:width\" content=\"870\" \/>\n\t<meta property=\"og:image:height\" content=\"483\" \/>\n\t<meta property=\"og:image:type\" content=\"image\/png\" \/>\n<meta name=\"twitter:card\" content=\"summary_large_image\" \/>\n<meta name=\"twitter:label1\" content=\"Est. reading time\" \/>\n\t<meta name=\"twitter:data1\" content=\"4 minutes\" \/>\n<script type=\"application\/ld+json\" class=\"yoast-schema-graph\">{\"@context\":\"https:\/\/schema.org\",\"@graph\":[{\"@type\":\"WebPage\",\"@id\":\"https:\/\/www.globenettoyage.ch\/en\/privacy-policy\/\",\"url\":\"https:\/\/www.globenettoyage.ch\/en\/privacy-policy\/\",\"name\":\"Privacy policy | Globe Nettoyage Gen\u00e8ve\",\"isPartOf\":{\"@id\":\"https:\/\/www.globenettoyage.ch\/en\/#website\"},\"datePublished\":\"2023-11-27T13:05:20+00:00\",\"dateModified\":\"2026-02-18T15:46:21+00:00\",\"breadcrumb\":{\"@id\":\"https:\/\/www.globenettoyage.ch\/en\/privacy-policy\/#breadcrumb\"},\"inLanguage\":\"en-US\",\"potentialAction\":[{\"@type\":\"ReadAction\",\"target\":[\"https:\/\/www.globenettoyage.ch\/en\/privacy-policy\/\"]}]},{\"@type\":\"BreadcrumbList\",\"@id\":\"https:\/\/www.globenettoyage.ch\/en\/privacy-policy\/#breadcrumb\",\"itemListElement\":[{\"@type\":\"ListItem\",\"position\":1,\"name\":\"Home\",\"item\":\"https:\/\/www.globenettoyage.ch\/en\/\"},{\"@type\":\"ListItem\",\"position\":2,\"name\":\"Privacy policy\"}]},{\"@type\":\"WebSite\",\"@id\":\"https:\/\/www.globenettoyage.ch\/en\/#website\",\"url\":\"https:\/\/www.globenettoyage.ch\/en\/\",\"name\":\"Globe Nettoyage Gen\u00e8ve\",\"description\":\"Entreprise de Nettoyage\u00a0Gen\u00e8ve - Sp\u00e9cialiste en ultra propret\u00e9\",\"publisher\":{\"@id\":\"https:\/\/www.globenettoyage.ch\/en\/#organization\"},\"alternateName\":\"Globe Nettoyage Gen\u00e8ve\",\"potentialAction\":[{\"@type\":\"SearchAction\",\"target\":{\"@type\":\"EntryPoint\",\"urlTemplate\":\"https:\/\/www.globenettoyage.ch\/en\/?s={search_term_string}\"},\"query-input\":{\"@type\":\"PropertyValueSpecification\",\"valueRequired\":true,\"valueName\":\"search_term_string\"}}],\"inLanguage\":\"en-US\"},{\"@type\":\"Organization\",\"@id\":\"https:\/\/www.globenettoyage.ch\/en\/#organization\",\"name\":\"Globe Nettoyage Gen\u00e8ve\",\"url\":\"https:\/\/www.globenettoyage.ch\/en\/\",\"logo\":{\"@type\":\"ImageObject\",\"inLanguage\":\"en-US\",\"@id\":\"https:\/\/www.globenettoyage.ch\/en\/#\/schema\/logo\/image\/\",\"url\":\"https:\/\/www.globenettoyage.ch\/wp-content\/uploads\/2023\/12\/Logo-Globe-et-Services.jpg\",\"contentUrl\":\"https:\/\/www.globenettoyage.ch\/wp-content\/uploads\/2023\/12\/Logo-Globe-et-Services.jpg\",\"width\":442,\"height\":425,\"caption\":\"Globe Nettoyage Gen\u00e8ve\"},\"image\":{\"@id\":\"https:\/\/www.globenettoyage.ch\/en\/#\/schema\/logo\/image\/\"}}]}<\/script>\n<!-- \/ Yoast SEO plugin. -->","yoast_head_json":{"title":"Privacy policy | Globe Nettoyage Gen\u00e8ve","robots":{"index":"noindex","follow":"nofollow"},"og_locale":"en_US","og_type":"article","og_title":"Privacy policy | Globe Nettoyage Gen\u00e8ve","og_description":"PRIVACY POLICY 1. DATA PROTECTION Globe Nettoyage takes the protection of your personal data very seriously. We treat your personal data confidentially and in accordance with the legal provisions of the Swiss Federal Act (nLPD) on data protection and this data protection declaration. You can use our website without providing any personal data. Insofar as [&hellip;]","og_url":"https:\/\/www.globenettoyage.ch\/en\/privacy-policy\/","og_site_name":"Globe Nettoyage Gen\u00e8ve","article_modified_time":"2026-02-18T15:46:21+00:00","og_image":[{"width":870,"height":483,"url":"https:\/\/www.globenettoyage.ch\/wp-content\/uploads\/2023\/12\/Globe-nettoyage-header.png","type":"image\/png"}],"twitter_card":"summary_large_image","twitter_misc":{"Est. reading time":"4 minutes"},"schema":{"@context":"https:\/\/schema.org","@graph":[{"@type":"WebPage","@id":"https:\/\/www.globenettoyage.ch\/en\/privacy-policy\/","url":"https:\/\/www.globenettoyage.ch\/en\/privacy-policy\/","name":"Privacy policy | Globe Nettoyage Gen\u00e8ve","isPartOf":{"@id":"https:\/\/www.globenettoyage.ch\/en\/#website"},"datePublished":"2023-11-27T13:05:20+00:00","dateModified":"2026-02-18T15:46:21+00:00","breadcrumb":{"@id":"https:\/\/www.globenettoyage.ch\/en\/privacy-policy\/#breadcrumb"},"inLanguage":"en-US","potentialAction":[{"@type":"ReadAction","target":["https:\/\/www.globenettoyage.ch\/en\/privacy-policy\/"]}]},{"@type":"BreadcrumbList","@id":"https:\/\/www.globenettoyage.ch\/en\/privacy-policy\/#breadcrumb","itemListElement":[{"@type":"ListItem","position":1,"name":"Home","item":"https:\/\/www.globenettoyage.ch\/en\/"},{"@type":"ListItem","position":2,"name":"Privacy policy"}]},{"@type":"WebSite","@id":"https:\/\/www.globenettoyage.ch\/en\/#website","url":"https:\/\/www.globenettoyage.ch\/en\/","name":"Globe Nettoyage Gen\u00e8ve","description":"Entreprise de Nettoyage\u00a0Gen\u00e8ve - Sp\u00e9cialiste en ultra propret\u00e9","publisher":{"@id":"https:\/\/www.globenettoyage.ch\/en\/#organization"},"alternateName":"Globe Nettoyage Gen\u00e8ve","potentialAction":[{"@type":"SearchAction","target":{"@type":"EntryPoint","urlTemplate":"https:\/\/www.globenettoyage.ch\/en\/?s={search_term_string}"},"query-input":{"@type":"PropertyValueSpecification","valueRequired":true,"valueName":"search_term_string"}}],"inLanguage":"en-US"},{"@type":"Organization","@id":"https:\/\/www.globenettoyage.ch\/en\/#organization","name":"Globe Nettoyage Gen\u00e8ve","url":"https:\/\/www.globenettoyage.ch\/en\/","logo":{"@type":"ImageObject","inLanguage":"en-US","@id":"https:\/\/www.globenettoyage.ch\/en\/#\/schema\/logo\/image\/","url":"https:\/\/www.globenettoyage.ch\/wp-content\/uploads\/2023\/12\/Logo-Globe-et-Services.jpg","contentUrl":"https:\/\/www.globenettoyage.ch\/wp-content\/uploads\/2023\/12\/Logo-Globe-et-Services.jpg","width":442,"height":425,"caption":"Globe Nettoyage Gen\u00e8ve"},"image":{"@id":"https:\/\/www.globenettoyage.ch\/en\/#\/schema\/logo\/image\/"}}]}},"_links":{"self":[{"href":"https:\/\/www.globenettoyage.ch\/en\/wp-json\/wp\/v2\/pages\/3555","targetHints":{"allow":["GET"]}}],"collection":[{"href":"https:\/\/www.globenettoyage.ch\/en\/wp-json\/wp\/v2\/pages"}],"about":[{"href":"https:\/\/www.globenettoyage.ch\/en\/wp-json\/wp\/v2\/types\/page"}],"author":[{"embeddable":true,"href":"https:\/\/www.globenettoyage.ch\/en\/wp-json\/wp\/v2\/users\/1"}],"replies":[{"embeddable":true,"href":"https:\/\/www.globenettoyage.ch\/en\/wp-json\/wp\/v2\/comments?post=3555"}],"version-history":[{"count":4,"href":"https:\/\/www.globenettoyage.ch\/en\/wp-json\/wp\/v2\/pages\/3555\/revisions"}],"predecessor-version":[{"id":3564,"href":"https:\/\/www.globenettoyage.ch\/en\/wp-json\/wp\/v2\/pages\/3555\/revisions\/3564"}],"wp:attachment":[{"href":"https:\/\/www.globenettoyage.ch\/en\/wp-json\/wp\/v2\/media?parent=3555"}],"curies":[{"name":"wp","href":"https:\/\/api.w.org\/{rel}","templated":true}]}}