{"id":3560,"date":"2023-12-13T14:42:08","date_gmt":"2023-12-13T13:42:08","guid":{"rendered":"https:\/\/www.globenettoyage.ch\/cookie-policy\/"},"modified":"2026-02-18T16:44:45","modified_gmt":"2026-02-18T15:44:45","slug":"cookie-policy","status":"publish","type":"page","link":"https:\/\/www.globenettoyage.ch\/en\/cookie-policy\/","title":{"rendered":"Cookie policy"},"content":{"rendered":"\t\t<div data-elementor-type=\"wp-page\" data-elementor-id=\"3560\" class=\"elementor elementor-3560 elementor-2962\">\n\t\t\t\t<div class=\"elementor-element elementor-element-1f9a236 e-flex e-con-boxed e-con e-parent\" data-id=\"1f9a236\" data-element_type=\"container\" data-e-type=\"container\">\n\t\t\t\t\t<div class=\"e-con-inner\">\n\t\t\t\t<div class=\"elementor-element elementor-element-cb453e6 elementor-widget elementor-widget-heading\" data-id=\"cb453e6\" data-element_type=\"widget\" data-e-type=\"widget\" data-widget_type=\"heading.default\">\n\t\t\t\t<div class=\"elementor-widget-container\">\n\t\t\t\t\t<h1 class=\"elementor-heading-title elementor-size-default\">COOKIE POLICY<\/h1>\t\t\t\t<\/div>\n\t\t\t\t<\/div>\n\t\t\t\t<div class=\"elementor-element elementor-element-2e5ce1f elementor-widget elementor-widget-text-editor\" data-id=\"2e5ce1f\" data-element_type=\"widget\" data-e-type=\"widget\" data-widget_type=\"text-editor.default\">\n\t\t\t\t<div class=\"elementor-widget-container\">\n\t\t\t\t\t\t\t\t\t<div id=\"bgLayers_comp-lo4l1xik\" class=\"MW5IWV\" data-hook=\"bgLayers\"><div id=\"bgMedia_comp-lo4l1xik\" class=\"VgO9Yg\"> <\/div><\/div><div class=\"\" data-mesh-id=\"comp-lo4l1xikinlineContent\" data-testid=\"inline-content\"><div data-mesh-id=\"comp-lo4l1xikinlineContent-gridContainer\" data-testid=\"mesh-container-content\"><div id=\"comp-lo4l1xio\" class=\"KcpHeO tz5f0K comp-lo4l1xio wixui-rich-text\" data-testid=\"richTextElement\"><h1 class=\"font_0 wixui-rich-text__text\"><span style=\"font-weight: normal;\">STATEMENT REGARDING COOKIES<\/span><\/h1><\/div><div id=\"comp-lo4l1xiq1\" class=\"KcpHeO tz5f0K comp-lo4l1xiq1 wixui-rich-text\" data-testid=\"richTextElement\"><p class=\"font_8 wixui-rich-text__text\">Updated on 13 November 2023.<\/p><h2 class=\"font_2 wixui-rich-text__text\"><span class=\"wixui-rich-text__text\">WHAT ARE COOKIES?<\/span><\/h2><p class=\"font_8 wixui-rich-text__text\">Cookies are small text files that are placed on your computer by the websites you visit. They are widely used to make websites work, or work more efficiently, as well as to provide information to the owners of the site.  <\/p><h2 class=\"font_2 wixui-rich-text__text\"><span class=\"wixui-rich-text__text\">HOW AND WHY DO WE USE COOKIES?<\/span><\/h2><p class=\"font_8 wixui-rich-text__text\">We use cookies to improve the use and functioning of our website and to better understand how visitors use our websites and the tools and services offered on our website. Storing cookies on your computer is an easy and convenient way for us to personalise or improve your browsing experience on our website and make your next visit more enjoyable. We do not use cookies to collect personal information such as your name.  <\/p><h2 class=\"font_2 wixui-rich-text__text\"><span class=\"wixui-rich-text__text\">WHAT ARE SCRIPTS?<\/span><\/h2><p class=\"font_8 wixui-rich-text__text\">A script is a piece of code used to make our website function properly and interactively. This code is executed on our server or on your device.  <\/p><p class=\"font_7 wixui-rich-text__text\">WHAT IS AN INVISIBLE TAG?<br class=\"wixui-rich-text__text\">An invisible tag (or web beacon) is a small piece of text or image that is invisible on a website and is used to track traffic on a website. To do this, various data about you is stored using invisible tags.<\/p><h2 class=\"font_2 wixui-rich-text__text\"><span class=\"wixui-rich-text__text\">TYPE OF COOKIES<\/span><\/h2><h3 class=\"font_3 wixui-rich-text__text\"><span class=\"wixui-rich-text__text\">TECHNICAL OR FUNCTIONAL COOKIES<\/span><\/h3><p class=\"font_8 wixui-rich-text__text\">Some cookies ensure that certain parts of the website work properly and that your user preferences remain known. By placing functional cookies, we make it easier for you to visit our website. For example, you do not need to repeatedly enter the same information when visiting our website and items, for example, remain in your shopping basket until you have paid. We may place these cookies without your consent.    <\/p><h3 class=\"font_3 wixui-rich-text__text\"><span class=\"wixui-rich-text__text\">STATISTICAL COOKIES<\/span><\/h3><p class=\"font_8 wixui-rich-text__text\">We use statistical cookies to optimise the user experience on our website. These statistical cookies provide us with insights into how our website is used. We ask for your permission to place statistical cookies.   <\/p><h3 class=\"font_3 wixui-rich-text__text\"><span class=\"wixui-rich-text__text\">MARKETING\/TRACKING COOKIES<\/span><\/h3><p class=\"font_8 wixui-rich-text__text\">Marketing\/tracking cookies are cookies or any other form of local storage used to create user profiles in order to display advertising or track the user on this website or across multiple websites for similar marketing purposes.<\/p><h3 class=\"font_3 wixui-rich-text__text\"><span class=\"wixui-rich-text__text\">SOCIAL MEDIA BUTTONS<\/span><\/h3><p class=\"font_8 wixui-rich-text__text\">We have included buttons on our website so that Facebook, Instagram and Pinterest can promote web pages (e.g. \u2018Like\u2019, \u201cSave\u201d) or share (e.g. \u2018Tweet\u2019) on social networks such as Facebook, Instagram and Pinterest. These buttons work with pieces of code from Facebook, Instagram and Pinterest themselves. This code places cookies. These social media buttons may also store and process certain information in order to show you personalised advertisements.   <\/p><p class=\"font_8 wixui-rich-text__text\">Please read the privacy statements of these social networks (which may be amended regularly) to find out what they do with your (personal) data processed using these cookies. The data collected is anonymised as much as possible. Facebook, Instagram and Pinterest are located in the United States.  <\/p><h2 class=\"font_2 wixui-rich-text__text\"><span class=\"wixui-rich-text__text\">HOW CAN I CONTROL MY COOKIE SETTINGS?<\/span><\/h2><p class=\"font_8 wixui-rich-text__text\">Most browsers are initially set to accept cookies automatically. You can change the settings to block cookies or be alerted when cookies are sent to your device. There are various ways to manage cookies. Please follow the instructions below to manage your cookies using your browser. In this case, you may not be able to register on our website or use other features that require registration or the collection of information.     <\/p><p class=\"font_8 wixui-rich-text__text\">Internet Explorer<br>Click on the \u2018Tools\u2019 icon, then select \u2018Internet Options\u2019. Select the \u201cPrivacy\u201d tab and move the slider to choose your settings. For more detailed privacy settings, click on \u2018Advanced Settings\u2019.<\/p><p class=\"font_8 wixui-rich-text__text\">Safari<br>Select \u201cPreferences\u201d from the Safari menu, then select \u201cSecurity\u201d. You can then select your cookie settings.<\/p><p class=\"font_8 wixui-rich-text__text\">Mozilla Firefox<br>Click on \u201cMenu\u201d, \u201cOptions\u201d, \u201cPrivacy\u201d, then \u201cCookies\u201d. You can then choose your settings.<\/p><p class=\"font_8 wixui-rich-text__text\">Google Chrome<br>Click on the \u2018Tools\u2019 menu and select \u2018Options\u2019. Select the \u2018Under the bonnet\u2019 tab, then the \u201cPrivacy\u201d section. Select the \u2018Content settings\u2019 tab and choose your settings.<\/p><h2 class=\"font_2 wixui-rich-text__text\"><span class=\"wixui-rich-text__text\">UPDATE OF LEGAL INFORMATION <\/span><\/h2><p class=\"font_8 wixui-rich-text__text\">We reserve the right to make any changes and corrections to these provisions. Please check this page regularly for changes and new information. <\/p><\/div><\/div><\/div>\t\t\t\t\t\t\t\t<\/div>\n\t\t\t\t<\/div>\n\t\t\t\t\t<\/div>\n\t\t\t\t<\/div>\n\t\t\t\t<section class=\"elementor-section elementor-top-section elementor-element elementor-element-1dc2fb6 elementor-section-boxed elementor-section-height-default elementor-section-height-default\" data-id=\"1dc2fb6\" data-element_type=\"section\" data-e-type=\"section\" data-settings=\"{&quot;background_background&quot;:&quot;classic&quot;}\">\n\t\t\t\t\t\t<div class=\"elementor-container elementor-column-gap-no\">\n\t\t\t\t\t<div class=\"elementor-column elementor-col-100 elementor-top-column elementor-element elementor-element-4050810\" data-id=\"4050810\" data-element_type=\"column\" data-e-type=\"column\">\n\t\t\t<div class=\"elementor-widget-wrap elementor-element-populated\">\n\t\t\t\t\t\t<div class=\"elementor-element elementor-element-e6ee477 elementor-widget elementor-widget-contact_info_cleaningservice\" data-id=\"e6ee477\" data-element_type=\"widget\" data-e-type=\"widget\" data-widget_type=\"contact_info_cleaningservice.default\">\n\t\t\t\t<div class=\"elementor-widget-container\">\n\t\t\t\t\t\t\t<div class=\"contact-box\">\r\n\t\t\t<div class=\"contact-info-wrap sub-service-btn\">\r\n\t\t\t\t\t\t\t\t\t<div class=\"contact-info\">\r\n\t\t\t\t\t\t<i aria-hidden=\"true\" class=\"icon  icon-technology\"><\/i>\t\t\t\t\t\t+41 22 734 23 82\t\t\t\t\t<\/div> \r\n\t\t\t\t\t\t\t\t\t\t<div class=\"contact-info\">\r\n\t\t\t\t\t\t<i aria-hidden=\"true\" class=\"icon  icon-letter\"><\/i>\t\t\t\t\t\tinfo@globenettoyage.ch\t\t\t\t\t<\/div> \r\n\t\t\t\t\t\t\t\t\t\t<div class=\"contact-info\">\r\n\t\t\t\t\t\t<i aria-hidden=\"true\" class=\"icon  icon-clock\"><\/i>\t\t\t\t\t\tMon-Fri: 9h00 - 12h00 I 14h00 - 17h00\t\t\t\t\t<\/div> \r\n\t\t\t\t\t\t\t\t<\/div>\r\n\t\t\t<a href=\"https:\/\/globenettoyage.ch\/OLD\/contacts\/\"   class=\"btn sub-btn\"><i class=\"icon icon-bell\"><\/i>Free quote<\/a>\r\n\t\t<\/div>\r\n\t\t\t\t\t\t<\/div>\n\t\t\t\t<\/div>\n\t\t\t\t\t<\/div>\n\t\t<\/div>\n\t\t\t\t\t<\/div>\n\t\t<\/section>\n\t\t\t\t<\/div>\n\t\t","protected":false},"excerpt":{"rendered":"<p>COOKIE POLICY STATEMENT REGARDING COOKIES Updated on 13 November 2023. WHAT ARE COOKIES? Cookies are small text files that are placed on your computer by the websites you visit. They are widely used to make websites work, or work more efficiently, as well as to provide information to the owners of the site. HOW AND [&hellip;]<\/p>\n","protected":false},"author":1,"featured_media":0,"parent":0,"menu_order":0,"comment_status":"closed","ping_status":"closed","template":"elementor_header_footer","meta":{"footnotes":""},"class_list":["post-3560","page","type-page","status-publish","hentry"],"yoast_head":"<!-- This site is optimized with the Yoast SEO plugin v27.0 - https:\/\/yoast.com\/product\/yoast-seo-wordpress\/ -->\n<title>Cookie policy | Globe Nettoyage Gen\u00e8ve<\/title>\n<meta name=\"robots\" content=\"noindex, nofollow\" \/>\n<meta property=\"og:locale\" content=\"en_US\" \/>\n<meta property=\"og:type\" content=\"article\" \/>\n<meta property=\"og:title\" content=\"Cookie policy | Globe Nettoyage Gen\u00e8ve\" \/>\n<meta property=\"og:description\" content=\"COOKIE POLICY STATEMENT REGARDING COOKIES Updated on 13 November 2023. WHAT ARE COOKIES? Cookies are small text files that are placed on your computer by the websites you visit. They are widely used to make websites work, or work more efficiently, as well as to provide information to the owners of the site. HOW AND [&hellip;]\" \/>\n<meta property=\"og:url\" content=\"https:\/\/www.globenettoyage.ch\/en\/cookie-policy\/\" \/>\n<meta property=\"og:site_name\" content=\"Globe Nettoyage Gen\u00e8ve\" \/>\n<meta property=\"article:modified_time\" content=\"2026-02-18T15:44:45+00:00\" \/>\n<meta property=\"og:image\" content=\"https:\/\/www.globenettoyage.ch\/wp-content\/uploads\/2023\/12\/Globe-nettoyage-header.png\" \/>\n\t<meta property=\"og:image:width\" content=\"870\" \/>\n\t<meta property=\"og:image:height\" content=\"483\" \/>\n\t<meta property=\"og:image:type\" content=\"image\/png\" \/>\n<meta name=\"twitter:card\" content=\"summary_large_image\" \/>\n<meta name=\"twitter:label1\" content=\"Est. reading time\" \/>\n\t<meta name=\"twitter:data1\" content=\"3 minutes\" \/>\n<script type=\"application\/ld+json\" class=\"yoast-schema-graph\">{\"@context\":\"https:\/\/schema.org\",\"@graph\":[{\"@type\":\"WebPage\",\"@id\":\"https:\/\/www.globenettoyage.ch\/en\/cookie-policy\/\",\"url\":\"https:\/\/www.globenettoyage.ch\/en\/cookie-policy\/\",\"name\":\"Cookie policy | Globe Nettoyage Gen\u00e8ve\",\"isPartOf\":{\"@id\":\"https:\/\/www.globenettoyage.ch\/en\/#website\"},\"datePublished\":\"2023-12-13T13:42:08+00:00\",\"dateModified\":\"2026-02-18T15:44:45+00:00\",\"breadcrumb\":{\"@id\":\"https:\/\/www.globenettoyage.ch\/en\/cookie-policy\/#breadcrumb\"},\"inLanguage\":\"en-US\",\"potentialAction\":[{\"@type\":\"ReadAction\",\"target\":[\"https:\/\/www.globenettoyage.ch\/en\/cookie-policy\/\"]}]},{\"@type\":\"BreadcrumbList\",\"@id\":\"https:\/\/www.globenettoyage.ch\/en\/cookie-policy\/#breadcrumb\",\"itemListElement\":[{\"@type\":\"ListItem\",\"position\":1,\"name\":\"Home\",\"item\":\"https:\/\/www.globenettoyage.ch\/en\/\"},{\"@type\":\"ListItem\",\"position\":2,\"name\":\"Cookie policy\"}]},{\"@type\":\"WebSite\",\"@id\":\"https:\/\/www.globenettoyage.ch\/en\/#website\",\"url\":\"https:\/\/www.globenettoyage.ch\/en\/\",\"name\":\"Globe Nettoyage Gen\u00e8ve\",\"description\":\"Entreprise de Nettoyage\u00a0Gen\u00e8ve - Sp\u00e9cialiste en ultra propret\u00e9\",\"publisher\":{\"@id\":\"https:\/\/www.globenettoyage.ch\/en\/#organization\"},\"alternateName\":\"Globe Nettoyage Gen\u00e8ve\",\"potentialAction\":[{\"@type\":\"SearchAction\",\"target\":{\"@type\":\"EntryPoint\",\"urlTemplate\":\"https:\/\/www.globenettoyage.ch\/en\/?s={search_term_string}\"},\"query-input\":{\"@type\":\"PropertyValueSpecification\",\"valueRequired\":true,\"valueName\":\"search_term_string\"}}],\"inLanguage\":\"en-US\"},{\"@type\":\"Organization\",\"@id\":\"https:\/\/www.globenettoyage.ch\/en\/#organization\",\"name\":\"Globe Nettoyage Gen\u00e8ve\",\"url\":\"https:\/\/www.globenettoyage.ch\/en\/\",\"logo\":{\"@type\":\"ImageObject\",\"inLanguage\":\"en-US\",\"@id\":\"https:\/\/www.globenettoyage.ch\/en\/#\/schema\/logo\/image\/\",\"url\":\"https:\/\/www.globenettoyage.ch\/wp-content\/uploads\/2023\/12\/Logo-Globe-et-Services.jpg\",\"contentUrl\":\"https:\/\/www.globenettoyage.ch\/wp-content\/uploads\/2023\/12\/Logo-Globe-et-Services.jpg\",\"width\":442,\"height\":425,\"caption\":\"Globe Nettoyage Gen\u00e8ve\"},\"image\":{\"@id\":\"https:\/\/www.globenettoyage.ch\/en\/#\/schema\/logo\/image\/\"}}]}<\/script>\n<!-- \/ Yoast SEO plugin. -->","yoast_head_json":{"title":"Cookie policy | Globe Nettoyage Gen\u00e8ve","robots":{"index":"noindex","follow":"nofollow"},"og_locale":"en_US","og_type":"article","og_title":"Cookie policy | Globe Nettoyage Gen\u00e8ve","og_description":"COOKIE POLICY STATEMENT REGARDING COOKIES Updated on 13 November 2023. WHAT ARE COOKIES? Cookies are small text files that are placed on your computer by the websites you visit. They are widely used to make websites work, or work more efficiently, as well as to provide information to the owners of the site. HOW AND [&hellip;]","og_url":"https:\/\/www.globenettoyage.ch\/en\/cookie-policy\/","og_site_name":"Globe Nettoyage Gen\u00e8ve","article_modified_time":"2026-02-18T15:44:45+00:00","og_image":[{"width":870,"height":483,"url":"https:\/\/www.globenettoyage.ch\/wp-content\/uploads\/2023\/12\/Globe-nettoyage-header.png","type":"image\/png"}],"twitter_card":"summary_large_image","twitter_misc":{"Est. reading time":"3 minutes"},"schema":{"@context":"https:\/\/schema.org","@graph":[{"@type":"WebPage","@id":"https:\/\/www.globenettoyage.ch\/en\/cookie-policy\/","url":"https:\/\/www.globenettoyage.ch\/en\/cookie-policy\/","name":"Cookie policy | Globe Nettoyage Gen\u00e8ve","isPartOf":{"@id":"https:\/\/www.globenettoyage.ch\/en\/#website"},"datePublished":"2023-12-13T13:42:08+00:00","dateModified":"2026-02-18T15:44:45+00:00","breadcrumb":{"@id":"https:\/\/www.globenettoyage.ch\/en\/cookie-policy\/#breadcrumb"},"inLanguage":"en-US","potentialAction":[{"@type":"ReadAction","target":["https:\/\/www.globenettoyage.ch\/en\/cookie-policy\/"]}]},{"@type":"BreadcrumbList","@id":"https:\/\/www.globenettoyage.ch\/en\/cookie-policy\/#breadcrumb","itemListElement":[{"@type":"ListItem","position":1,"name":"Home","item":"https:\/\/www.globenettoyage.ch\/en\/"},{"@type":"ListItem","position":2,"name":"Cookie policy"}]},{"@type":"WebSite","@id":"https:\/\/www.globenettoyage.ch\/en\/#website","url":"https:\/\/www.globenettoyage.ch\/en\/","name":"Globe Nettoyage Gen\u00e8ve","description":"Entreprise de Nettoyage\u00a0Gen\u00e8ve - Sp\u00e9cialiste en ultra propret\u00e9","publisher":{"@id":"https:\/\/www.globenettoyage.ch\/en\/#organization"},"alternateName":"Globe Nettoyage Gen\u00e8ve","potentialAction":[{"@type":"SearchAction","target":{"@type":"EntryPoint","urlTemplate":"https:\/\/www.globenettoyage.ch\/en\/?s={search_term_string}"},"query-input":{"@type":"PropertyValueSpecification","valueRequired":true,"valueName":"search_term_string"}}],"inLanguage":"en-US"},{"@type":"Organization","@id":"https:\/\/www.globenettoyage.ch\/en\/#organization","name":"Globe Nettoyage Gen\u00e8ve","url":"https:\/\/www.globenettoyage.ch\/en\/","logo":{"@type":"ImageObject","inLanguage":"en-US","@id":"https:\/\/www.globenettoyage.ch\/en\/#\/schema\/logo\/image\/","url":"https:\/\/www.globenettoyage.ch\/wp-content\/uploads\/2023\/12\/Logo-Globe-et-Services.jpg","contentUrl":"https:\/\/www.globenettoyage.ch\/wp-content\/uploads\/2023\/12\/Logo-Globe-et-Services.jpg","width":442,"height":425,"caption":"Globe Nettoyage Gen\u00e8ve"},"image":{"@id":"https:\/\/www.globenettoyage.ch\/en\/#\/schema\/logo\/image\/"}}]}},"_links":{"self":[{"href":"https:\/\/www.globenettoyage.ch\/en\/wp-json\/wp\/v2\/pages\/3560","targetHints":{"allow":["GET"]}}],"collection":[{"href":"https:\/\/www.globenettoyage.ch\/en\/wp-json\/wp\/v2\/pages"}],"about":[{"href":"https:\/\/www.globenettoyage.ch\/en\/wp-json\/wp\/v2\/types\/page"}],"author":[{"embeddable":true,"href":"https:\/\/www.globenettoyage.ch\/en\/wp-json\/wp\/v2\/users\/1"}],"replies":[{"embeddable":true,"href":"https:\/\/www.globenettoyage.ch\/en\/wp-json\/wp\/v2\/comments?post=3560"}],"version-history":[{"count":1,"href":"https:\/\/www.globenettoyage.ch\/en\/wp-json\/wp\/v2\/pages\/3560\/revisions"}],"predecessor-version":[{"id":3561,"href":"https:\/\/www.globenettoyage.ch\/en\/wp-json\/wp\/v2\/pages\/3560\/revisions\/3561"}],"wp:attachment":[{"href":"https:\/\/www.globenettoyage.ch\/en\/wp-json\/wp\/v2\/media?parent=3560"}],"curies":[{"name":"wp","href":"https:\/\/api.w.org\/{rel}","templated":true}]}}